{"id":866,"date":"2016-05-07T11:39:49","date_gmt":"2016-05-07T09:39:49","guid":{"rendered":"http:\/\/voletsouvers.ovh\/?page_id=866"},"modified":"2016-05-10T18:24:33","modified_gmt":"2016-05-10T16:24:33","slug":"presentation","status":"publish","type":"page","link":"https:\/\/voletsouvers.ovh\/index.php\/a-propos\/presentation\/","title":{"rendered":"Pr\u00e9sentation"},"content":{"rendered":"<p>[et_pb_section admin_label=\u00a0\u00bbsection\u00a0\u00bb][et_pb_row admin_label=\u00a0\u00bbrow\u00a0\u00bb][et_pb_column type=\u00a0\u00bb1_3&Prime;][et_pb_image admin_label=\u00a0\u00bbImage\u00a0\u00bb src=\u00a0\u00bbhttp:\/\/voletsouvers.ovh\/wp-content\/uploads\/2016\/05\/Portrait-miroir.jpg\u00a0\u00bb show_in_lightbox=\u00a0\u00bboff\u00a0\u00bb url_new_window=\u00a0\u00bboff\u00a0\u00bb use_overlay=\u00a0\u00bboff\u00a0\u00bb animation=\u00a0\u00bbleft\u00a0\u00bb sticky=\u00a0\u00bboff\u00a0\u00bb align=\u00a0\u00bbleft\u00a0\u00bb force_fullwidth=\u00a0\u00bboff\u00a0\u00bb always_center_on_mobile=\u00a0\u00bbon\u00a0\u00bb use_border_color=\u00a0\u00bboff\u00a0\u00bb border_color=\u00a0\u00bb#ffffff\u00a0\u00bb border_style=\u00a0\u00bbsolid\u00a0\u00bb] [\/et_pb_image][\/et_pb_column][et_pb_column type=\u00a0\u00bb2_3&Prime;][et_pb_text admin_label=\u00a0\u00bbTexte\u00a0\u00bb]<\/p>\n<div class=\"et_pb_text et_pb_module et_pb_bg_layout_light et_pb_text_align_left et_pb_text_0\">\n<p>N\u00e9e au Vietnam en 1960, Colette Daviles-Estin\u00e8s passe son enfance en Oc\u00e9anie et en Afrique. Elle a \u00e9t\u00e9 paysanne durant plus de 30 ans dans le sud des Alpes.<br \/>\nSes textes (po\u00e9sie, chroniques, contes\u2026) ont \u00e9volu\u00e9 au fil du temps. Tout d\u2019abord impr\u00e9gn\u00e9s du pass\u00e9 (Afrique et Arri\u00e8re-Pays ni\u00e7ois confondus), ils puisent leur inspiration dans un sentiment d\u2019exil et de perp\u00e9tuelle rupture. Pour s\u2019ancrer ensuite \u2013 ou s\u2019encrer ? \u2013 dans le pr\u00e9sent, ou tout au moins s\u2019animer de souvenirs apais\u00e9s.<\/p>\n<\/div>\n<p>[\/et_pb_text][et_pb_post_nav admin_label=\u00a0\u00bbNavigation dans les posts\u00a0\u00bb in_same_term=\u00a0\u00bbon\u00a0\u00bb taxonomy_name=\u00a0\u00bbA propos\u00a0\u00bb hide_prev=\u00a0\u00bboff\u00a0\u00bb hide_next=\u00a0\u00bboff\u00a0\u00bb use_border_color=\u00a0\u00bboff\u00a0\u00bb border_color=\u00a0\u00bb#ffffff\u00a0\u00bb border_style=\u00a0\u00bbsolid\u00a0\u00bb] [\/et_pb_post_nav][\/et_pb_column][\/et_pb_row][\/et_pb_section]<\/p>\n","protected":false},"excerpt":{"rendered":"<p>N\u00e9e au Vietnam en 1960, Colette Daviles-Estin\u00e8s passe son enfance en Oc\u00e9anie et en Afrique. Elle a \u00e9t\u00e9 paysanne durant plus de 30 ans dans le sud des Alpes. Ses textes (po\u00e9sie, chroniques, contes\u2026) ont \u00e9volu\u00e9 au fil du temps. Tout d\u2019abord impr\u00e9gn\u00e9s du pass\u00e9 (Afrique et Arri\u00e8re-Pays ni\u00e7ois confondus), ils puisent leur inspiration dans [&hellip;]<\/p>\n","protected":false},"author":1,"featured_media":0,"parent":445,"menu_order":0,"comment_status":"closed","ping_status":"closed","template":"","meta":{"_et_pb_use_builder":"on","_et_pb_old_content":"<div class=\"et_pb_text et_pb_module et_pb_bg_layout_light et_pb_text_align_left  et_pb_text_0\"><p>N\u00e9e au Vietnam en 1960, Colette Daviles-Estin\u00e8s passe son enfance en Oc\u00e9anie et en Afrique. Elle a \u00e9t\u00e9 paysanne durant plus de 30 ans dans le sud des Alpes.<br \/> Ses textes (po\u00e9sie, chroniques, contes\u2026) ont \u00e9volu\u00e9 au fil du temps. Tout d\u2019abord impr\u00e9gn\u00e9s du pass\u00e9 (Afrique et Arri\u00e8re-Pays ni\u00e7ois confondus), ils puisent leur inspiration dans un sentiment d\u2019exil et de perp\u00e9tuelle rupture. Pour s\u2019ancrer ensuite \u2013 ou s\u2019encrer ? \u2013 dans le pr\u00e9sent, ou tout au moins s\u2019animer de souvenirs apais\u00e9s.<\/p><\/div>","_et_gb_content_width":"","om_disable_all_campaigns":false,"_exactmetrics_skip_tracking":false,"_exactmetrics_sitenote_active":false,"_exactmetrics_sitenote_note":"","_exactmetrics_sitenote_category":0,"_monsterinsights_skip_tracking":false,"_monsterinsights_sitenote_active":false,"_monsterinsights_sitenote_note":"","_monsterinsights_sitenote_category":0,"footnotes":""},"class_list":["post-866","page","type-page","status-publish","hentry"],"aioseo_notices":[],"_links":{"self":[{"href":"https:\/\/voletsouvers.ovh\/index.php\/wp-json\/wp\/v2\/pages\/866","targetHints":{"allow":["GET"]}}],"collection":[{"href":"https:\/\/voletsouvers.ovh\/index.php\/wp-json\/wp\/v2\/pages"}],"about":[{"href":"https:\/\/voletsouvers.ovh\/index.php\/wp-json\/wp\/v2\/types\/page"}],"author":[{"embeddable":true,"href":"https:\/\/voletsouvers.ovh\/index.php\/wp-json\/wp\/v2\/users\/1"}],"replies":[{"embeddable":true,"href":"https:\/\/voletsouvers.ovh\/index.php\/wp-json\/wp\/v2\/comments?post=866"}],"version-history":[{"count":7,"href":"https:\/\/voletsouvers.ovh\/index.php\/wp-json\/wp\/v2\/pages\/866\/revisions"}],"predecessor-version":[{"id":1317,"href":"https:\/\/voletsouvers.ovh\/index.php\/wp-json\/wp\/v2\/pages\/866\/revisions\/1317"}],"up":[{"embeddable":true,"href":"https:\/\/voletsouvers.ovh\/index.php\/wp-json\/wp\/v2\/pages\/445"}],"wp:attachment":[{"href":"https:\/\/voletsouvers.ovh\/index.php\/wp-json\/wp\/v2\/media?parent=866"}],"curies":[{"name":"wp","href":"https:\/\/api.w.org\/{rel}","templated":true}]}}