{"id":858,"date":"2016-05-07T11:22:32","date_gmt":"2016-05-07T09:22:32","guid":{"rendered":"http:\/\/voletsouvers.ovh\/?page_id=858"},"modified":"2018-02-19T19:15:15","modified_gmt":"2018-02-19T18:15:15","slug":"mes-publications-en-ligne","status":"publish","type":"page","link":"https:\/\/voletsouvers.ovh\/index.php\/a-propos\/mes-publications-en-ligne\/","title":{"rendered":"Mes publications en ligne"},"content":{"rendered":"<p>[et_pb_section admin_label=\u00a0\u00bbsection\u00a0\u00bb][et_pb_row admin_label=\u00a0\u00bbrow\u00a0\u00bb][et_pb_column type=\u00a0\u00bb1_3&Prime;][et_pb_image admin_label=\u00a0\u00bbImage\u00a0\u00bb src=\u00a0\u00bbhttp:\/\/voletsouvers.ovh\/wp-content\/uploads\/2016\/05\/grille-ombre-copie-.png\u00a0\u00bb show_in_lightbox=\u00a0\u00bboff\u00a0\u00bb url_new_window=\u00a0\u00bboff\u00a0\u00bb use_overlay=\u00a0\u00bboff\u00a0\u00bb animation=\u00a0\u00bbleft\u00a0\u00bb sticky=\u00a0\u00bboff\u00a0\u00bb align=\u00a0\u00bbleft\u00a0\u00bb force_fullwidth=\u00a0\u00bboff\u00a0\u00bb always_center_on_mobile=\u00a0\u00bbon\u00a0\u00bb use_border_color=\u00a0\u00bboff\u00a0\u00bb border_color=\u00a0\u00bb#ffffff\u00a0\u00bb border_style=\u00a0\u00bbsolid\u00a0\u00bb] [\/et_pb_image][et_pb_sidebar admin_label=\u00a0\u00bbBarre lat\u00e9rale\u00a0\u00bb orientation=\u00a0\u00bbleft\u00a0\u00bb area=\u00a0\u00bbsidebar-1&Prime; background_layout=\u00a0\u00bblight\u00a0\u00bb remove_border=\u00a0\u00bboff\u00a0\u00bb] [\/et_pb_sidebar][\/et_pb_column][et_pb_column type=\u00a0\u00bb2_3&Prime;][et_pb_text admin_label=\u00a0\u00bbTexte\u00a0\u00bb background_layout=\u00a0\u00bblight\u00a0\u00bb text_orientation=\u00a0\u00bbleft\u00a0\u00bb use_border_color=\u00a0\u00bboff\u00a0\u00bb border_color=\u00a0\u00bb#ffffff\u00a0\u00bb border_style=\u00a0\u00bbsolid\u00a0\u00bb]<\/p>\n<p><span style=\"font-family: verdana,geneva,sans-serif; font-size: 12pt;\">Vous pouvez me retrouver l\u00e0<\/span><br \/>\n<span style=\"font-family: verdana,geneva,sans-serif; font-size: 12pt;\"> \u00a0<\/span><br \/>\n<span style=\"font-family: verdana,geneva,sans-serif; font-size: 12pt;\"> \u25ba <a href=\"http:\/\/www.le-capital-des-mots.fr\/article-le-capital-des-mots-colette-daviles-estines-119029310.html\">Le Capital des Mots 12 juillet 2013<\/a><\/span><br \/>\n<span style=\"font-family: verdana,geneva,sans-serif; font-size: 12pt;\"> \u25ba <a href=\"http:\/\/www.lacauselitteraire.fr\/peut-etre-mais\">La Cause Litt\u00e9raire 6 septembre 2013<\/a><\/span><br \/>\n<span style=\"font-family: verdana,geneva,sans-serif; font-size: 12pt;\"> \u25ba <a href=\"http:\/\/www.lacauselitteraire.fr\/rosee-blanche\">La Cause Litt\u00e9raire 16 septembre 2013<\/a><\/span><br \/>\n<span style=\"font-family: verdana,geneva,sans-serif; font-size: 12pt;\"> \u25ba <a href=\"http:\/\/www.lacauselitteraire.fr\/la-voix\">La Cause Litt\u00e9raire 30 septembre 2013<\/a><\/span><br \/>\n<span style=\"font-family: verdana,geneva,sans-serif; font-size: 12pt;\"> \u25ba <a href=\"http:\/\/www.le-capital-des-mots.fr\/article-le-capital-des-mots-colette-daviles-estines-120535972.html\">Le Capital des Mots 11 octobre 2013<\/a><\/span><br \/>\n<span style=\"font-family: verdana,geneva,sans-serif; font-size: 12pt;\"> \u25ba <a href=\"http:\/\/www.lacauselitteraire.fr\/defriche\">La Cause Litt\u00e9raire 14 octobre 2013<\/a><\/span><br \/>\n<span style=\"font-family: verdana,geneva,sans-serif; font-size: 12pt;\"> \u25ba <a href=\"http:\/\/www.le-capital-des-mots.fr\/article-le-capital-des-mots-colette-daviles-estines-120850942.html\">Le Capital des Mots 29 octobre 2013<\/a><\/span><br \/>\n<span style=\"font-family: verdana,geneva,sans-serif; font-size: 12pt;\"> \u25ba <a href=\"http:\/\/www.le-capital-des-mots.fr\/article-le-capital-des-mots-colette-daviles-estines-121225475.html\">Le Capital des Mots 21 novembre 2013<\/a><\/span><br \/>\n<span style=\"font-family: verdana,geneva,sans-serif; font-size: 12pt;\"> \u25ba <a href=\"http:\/\/www.incertainregard.fr\/Revue\/INCERTAINREGARDN8.pdf\">Incertain Regard n\u00b0 8<\/a><\/span><br \/>\n<span style=\"font-family: verdana,geneva,sans-serif; font-size: 12pt;\"> \u25ba <a href=\"http:\/\/www.le-capital-des-mots.fr\/article-le-capital-des-mots-colette-daviles-estines-121533828.html\">Le Capital des Mots 10 d\u00e9cembre 2013<\/a><\/span><br \/>\n<span style=\"font-family: verdana,geneva,sans-serif; font-size: 12pt;\"> \u25ba <a href=\"http:\/\/www.le-capital-des-mots.fr\/article-le-capital-des-mots-colette-daviles-estines-122157486.html\">Le Capital des Mots 20 janvier 2014<\/a><\/span><br \/>\n<span style=\"font-family: verdana,geneva,sans-serif; font-size: 12pt;\"> \u25ba <a href=\"http:\/\/www.le-capital-des-mots.fr\/article-le-capital-des-mots-colette-daviles-estines-122543890.html\">Le Capital des Mots 13 f\u00e9vrier 2014<\/a><\/span><br \/>\n<span style=\"font-family: verdana,geneva,sans-serif; font-size: 12pt;\"> \u25ba<a href=\"http:\/\/www.le-capital-des-mots.fr\/2014\/06\/le-capital-des-mots-colette-daviles-estines.html\"> Le Capital des Mots 3 juin 2014<\/a><\/span><br \/>\n<span style=\"font-family: verdana,geneva,sans-serif; font-size: 12pt;\"> \u25ba <a href=\"http:\/\/www.le-capital-des-mots.fr\/2014\/07\/le-capital-des-mots-colette-daviles-estines.html\">Le Capital des mots 6 juillet 2014<\/a><\/span><br \/>\n<span style=\"font-family: verdana,geneva,sans-serif; font-size: 12pt;\"> \u25ba <a href=\"http:\/\/revue17secondes.blogspot.fr\/p\/numeros.html\">Revue 17 secondes n\u00b0 5<\/a><\/span><br \/>\n<span style=\"font-family: verdana,geneva,sans-serif; font-size: 12pt;\"> \u25ba <a href=\"http:\/\/www.le-capital-des-mots.fr\/2014\/09\/le-capital-des-mots-colette-daviles-estines.html\">Le Capital des mots 15 septembre 2014<\/a><\/span><br \/>\n<span style=\"font-family: verdana,geneva,sans-serif; font-size: 12pt;\"> \u25ba <a href=\"http:\/\/www.cequireste.fr\/colette-daviles-estines\/\" target=\"_blank\">Ce qui reste<\/a><\/span><br \/>\n<span style=\"font-family: verdana,geneva,sans-serif; font-size: 12pt;\"> \u25ba <a href=\"https:\/\/sites.google.com\/site\/revuepaysagesecrits\/archives\/numero-22\">Paysages Ecrits n\u00b022<\/a><\/span><br \/>\n<span style=\"font-family: verdana,geneva,sans-serif; font-size: 12pt;\"> \u25ba <a href=\"http:\/\/fr.calameo.com\/read\/002027389c3aa07d7d053\" target=\"_blank\">Revue 17 secondes<\/a> n\u00b06<\/span><br \/>\n<span style=\"font-family: verdana,geneva,sans-serif; font-size: 12pt;\"> \u25ba <a href=\"http:\/\/www.le-capital-des-mots.fr\/2015\/01\/le-capital-des-mots-colette-daviles-estines.html\" target=\"_blank\">Le capital des mots 22 janvier 2015<\/a><\/span><br \/>\n<span style=\"font-family: verdana,geneva,sans-serif; font-size: 12pt;\"> \u25ba<a href=\"http:\/\/www.latoiledelun.fr\/spip.php?article375\" target=\"_blank\"> La toile de l&rsquo;un<\/a> <\/span><br \/>\n<span style=\"font-family: verdana,geneva,sans-serif; font-size: 12pt;\"> \u25ba <a href=\"http:\/\/www.cequireste.fr\/colette-daviles-estines-2\/\" target=\"_blank\">Ce qui reste<\/a><\/span><br \/>\n<span style=\"font-family: verdana,geneva,sans-serif; font-size: 12pt;\"> \u25ba <a href=\"http:\/\/www.le-capital-des-mots.fr\/2015\/04\/le-capital-des-mots-colette-daviles-estines.html\">Le Capital des Mots 29 avril 2015<\/a><\/span><br \/>\n<span style=\"font-family: verdana,geneva,sans-serif; font-size: 12pt;\"> \u25ba <a href=\"http:\/\/www.le-capital-des-mots.fr\/2015\/06\/le-capital-des-mots-colette-daviles-estines.html\">Le Capital des mots 11 juin 2015<\/a><\/span><br \/>\n<span style=\"font-family: verdana,geneva,sans-serif; font-size: 12pt;\"> \u25ba <a href=\"https:\/\/sites.google.com\/site\/revuepaysagesecrits\/\" target=\"_blank\">Paysages Ecrits n\u00b0 25<\/a><\/span><br \/>\n<span style=\"font-family: verdana,geneva,sans-serif; font-size: 12pt;\"> \u25ba <a href=\"http:\/\/lichen-poesie.blogspot.fr\/\" target=\"_blank\">La revue Lichen<\/a><\/span><br \/>\n<span style=\"font-family: verdana,geneva,sans-serif; font-size: 12pt;\">\u25ba <\/span><span style=\"font-size: 12pt;\"><a href=\"http:\/\/leoncobra.canalblog.com\/\" target=\"_blank\"><span style=\"font-family: verdana,geneva,sans-serif;\">Le Tr\u00e9pon\u00e8me Bleu P\u00e2le<br \/>\n<\/span><\/a><\/span><span style=\"font-family: verdana,geneva,sans-serif; font-size: 12pt;\">\u25ba<\/span> <a href=\"http:\/\/ardentpays12.over-blog.com\/2018\/02\/colette-davines-estines-cinq-poemes.html\" target=\"_blank\"><span style=\"font-family: verdana, geneva, sans-serif; font-size: 12pt;\">L&rsquo;Ardent pays<\/span><\/a><\/p>\n<p>[\/et_pb_text][et_pb_post_nav admin_label=\u00a0\u00bbNavigation dans les posts\u00a0\u00bb in_same_term=\u00a0\u00bboff\u00a0\u00bb hide_prev=\u00a0\u00bboff\u00a0\u00bb hide_next=\u00a0\u00bboff\u00a0\u00bb use_border_color=\u00a0\u00bboff\u00a0\u00bb border_color=\u00a0\u00bb#ffffff\u00a0\u00bb border_style=\u00a0\u00bbsolid\u00a0\u00bb] [\/et_pb_post_nav][\/et_pb_column][\/et_pb_row][\/et_pb_section]<\/p>\n","protected":false},"excerpt":{"rendered":"<p>Vous pouvez me retrouver l\u00e0 \u00a0 \u25ba Le Capital des Mots 12 juillet 2013 \u25ba La Cause Litt\u00e9raire 6 septembre 2013 \u25ba La Cause Litt\u00e9raire 16 septembre 2013 \u25ba La Cause Litt\u00e9raire 30 septembre 2013 \u25ba Le Capital des Mots 11 octobre 2013 \u25ba La Cause Litt\u00e9raire 14 octobre 2013 \u25ba Le Capital des Mots [&hellip;]<\/p>\n","protected":false},"author":1,"featured_media":0,"parent":445,"menu_order":0,"comment_status":"closed","ping_status":"closed","template":"","meta":{"_et_pb_use_builder":"on","_et_pb_old_content":"<p><span style=\"font-family: verdana,geneva,sans-serif; font-size: 12pt;\">Vous pouvez me retrouver l\u00e0<\/span><br \/> <span style=\"font-family: verdana,geneva,sans-serif; font-size: 12pt;\"> \u00a0<\/span><br \/> <span style=\"font-family: verdana,geneva,sans-serif; font-size: 12pt;\"> \u25ba <a href=\"http:\/\/www.le-capital-des-mots.fr\/article-le-capital-des-mots-colette-daviles-estines-119029310.html\">Le Capital des Mots 12 juillet 2013<\/a><\/span><br \/> <span style=\"font-family: verdana,geneva,sans-serif; font-size: 12pt;\"> \u25ba <a href=\"http:\/\/www.lacauselitteraire.fr\/peut-etre-mais\">La Cause Litt\u00e9raire 6 septembre 2013<\/a><\/span><br \/> <span style=\"font-family: verdana,geneva,sans-serif; font-size: 12pt;\"> \u25ba <a href=\"http:\/\/www.lacauselitteraire.fr\/rosee-blanche\">La Cause Litt\u00e9raire 16 septembre 2013<\/a><\/span><br \/> <span style=\"font-family: verdana,geneva,sans-serif; font-size: 12pt;\"> \u25ba <a href=\"http:\/\/www.lacauselitteraire.fr\/la-voix\">La Cause Litt\u00e9raire 30 septembre 2013<\/a><\/span><br \/> <span style=\"font-family: verdana,geneva,sans-serif; font-size: 12pt;\"> \u25ba <a href=\"http:\/\/www.le-capital-des-mots.fr\/article-le-capital-des-mots-colette-daviles-estines-120535972.html\">Le Capital des Mots 11 octobre 2013<\/a><\/span><br \/> <span style=\"font-family: verdana,geneva,sans-serif; font-size: 12pt;\"> \u25ba <a href=\"http:\/\/www.lacauselitteraire.fr\/defriche\">La Cause Litt\u00e9raire 14 octobre 2013<\/a><\/span><br \/> <span style=\"font-family: verdana,geneva,sans-serif; font-size: 12pt;\"> \u25ba <a href=\"http:\/\/www.le-capital-des-mots.fr\/article-le-capital-des-mots-colette-daviles-estines-120850942.html\">Le Capital des Mots 29 octobre 2013<\/a><\/span><br \/> <span style=\"font-family: verdana,geneva,sans-serif; font-size: 12pt;\"> \u25ba <a href=\"http:\/\/www.le-capital-des-mots.fr\/article-le-capital-des-mots-colette-daviles-estines-121225475.html\">Le Capital des Mots 21 novembre 2013<\/a><\/span><br \/> <span style=\"font-family: verdana,geneva,sans-serif; font-size: 12pt;\"> \u25ba <a href=\"http:\/\/www.incertainregard.fr\/Revue\/INCERTAINREGARDN8.pdf\">Incertain Regard N\u00b0 8<\/a><\/span><br \/> <span style=\"font-family: verdana,geneva,sans-serif; font-size: 12pt;\"> \u25ba <a href=\"http:\/\/www.le-capital-des-mots.fr\/article-le-capital-des-mots-colette-daviles-estines-121533828.html\">Le Capital des Mots 10 d\u00e9cembre 2013<\/a><\/span><br \/> <span style=\"font-family: verdana,geneva,sans-serif; font-size: 12pt;\"> \u25ba <a href=\"http:\/\/www.le-capital-des-mots.fr\/article-le-capital-des-mots-colette-daviles-estines-122157486.html\">Le Capital des Mots 20 janvier 2014<\/a><\/span><br \/> <span style=\"font-family: verdana,geneva,sans-serif; font-size: 12pt;\"> \u25ba <a href=\"http:\/\/www.le-capital-des-mots.fr\/article-le-capital-des-mots-colette-daviles-estines-122543890.html\">Le Capital des Mots 13 f\u00e9vrier 2014<\/a><\/span><br \/> <span style=\"font-family: verdana,geneva,sans-serif; font-size: 12pt;\"> \u25ba<a href=\"http:\/\/www.le-capital-des-mots.fr\/2014\/06\/le-capital-des-mots-colette-daviles-estines.html\"> Le Capital des Mots 3 juin 2014<\/a><\/span><br \/> <span style=\"font-family: verdana,geneva,sans-serif; font-size: 12pt;\"> \u25ba <a href=\"http:\/\/www.le-capital-des-mots.fr\/2014\/07\/le-capital-des-mots-colette-daviles-estines.html\">Le Capital des mots 6 juillet 2014<\/a><\/span><br \/> <span style=\"font-family: verdana,geneva,sans-serif; font-size: 12pt;\"> \u25ba <a href=\"http:\/\/revue17secondes.blogspot.fr\/p\/numeros.html\">Revue 17 secondes N\u00b0 5<\/a><\/span><br \/> <span style=\"font-family: verdana,geneva,sans-serif; font-size: 12pt;\"> \u25ba <a href=\"http:\/\/www.le-capital-des-mots.fr\/2014\/09\/le-capital-des-mots-colette-daviles-estines.html\">Le Capital des mots 15 septembre 2014<\/a><\/span><br \/> <span style=\"font-family: verdana,geneva,sans-serif; font-size: 12pt;\"> \u25ba <a href=\"http:\/\/www.cequireste.fr\/colette-daviles-estines\/\" target=\"_blank\">Ce qui reste<\/a><\/span><br \/> <span style=\"font-family: verdana,geneva,sans-serif; font-size: 12pt;\"> \u25ba <a href=\"https:\/\/sites.google.com\/site\/revuepaysagesecrits\/archives\/numero-22\">Paysages Ecrits n\u00b022<\/a><\/span><br \/> <span style=\"font-family: verdana,geneva,sans-serif; font-size: 12pt;\"> \u25ba<a href=\"http:\/\/fr.calameo.com\/read\/002027389c3aa07d7d053\" target=\"_blank\">Revue 17 secondes<\/a> N\u00b06<\/span><br \/> <span style=\"font-family: verdana,geneva,sans-serif; font-size: 12pt;\"> \u25ba<a href=\"http:\/\/www.le-capital-des-mots.fr\/2015\/01\/le-capital-des-mots-colette-daviles-estines.html\" target=\"_blank\">Le capital des mots 22 janvier 2015<\/a><\/span><br \/> <span style=\"font-family: verdana,geneva,sans-serif; font-size: 12pt;\"> \u25ba<a href=\"http:\/\/www.latoiledelun.fr\/spip.php?article375\" target=\"_blank\"> La toile de l'un<\/a> <\/span><br \/> <span style=\"font-family: verdana,geneva,sans-serif; font-size: 12pt;\"> \u25ba <a href=\"http:\/\/www.cequireste.fr\/colette-daviles-estines-2\/\" target=\"_blank\">Ce qui reste<\/a><\/span><br \/> <span style=\"font-family: verdana,geneva,sans-serif; font-size: 12pt;\"> \u25ba <a href=\"http:\/\/www.le-capital-des-mots.fr\/2015\/04\/le-capital-des-mots-colette-daviles-estines.html\">Le Capital des Mots 29 avril 2015<\/a><\/span><br \/> <span style=\"font-family: verdana,geneva,sans-serif; font-size: 12pt;\"> \u25ba <a href=\"http:\/\/www.le-capital-des-mots.fr\/2015\/06\/le-capital-des-mots-colette-daviles-estines.html\">Le Capital des mots 11 juin 2015<\/a><\/span><br \/> <span style=\"font-family: verdana,geneva,sans-serif; font-size: 12pt;\"> \u25ba <a href=\"https:\/\/sites.google.com\/site\/revuepaysagesecrits\/\" target=\"_blank\">Paysages Ecrits n\u00b0 25<\/a><\/span><br \/> <span style=\"font-family: verdana,geneva,sans-serif; font-size: 12pt;\"> \u25ba <a href=\"http:\/\/lichen-poesie.blogspot.fr\/\" target=\"_blank\">La revue Lichen<\/a><\/span><\/p>","_et_gb_content_width":"","om_disable_all_campaigns":false,"_exactmetrics_skip_tracking":false,"_exactmetrics_sitenote_active":false,"_exactmetrics_sitenote_note":"","_exactmetrics_sitenote_category":0,"_monsterinsights_skip_tracking":false,"_monsterinsights_sitenote_active":false,"_monsterinsights_sitenote_note":"","_monsterinsights_sitenote_category":0,"footnotes":""},"class_list":["post-858","page","type-page","status-publish","hentry"],"aioseo_notices":[],"_links":{"self":[{"href":"https:\/\/voletsouvers.ovh\/index.php\/wp-json\/wp\/v2\/pages\/858","targetHints":{"allow":["GET"]}}],"collection":[{"href":"https:\/\/voletsouvers.ovh\/index.php\/wp-json\/wp\/v2\/pages"}],"about":[{"href":"https:\/\/voletsouvers.ovh\/index.php\/wp-json\/wp\/v2\/types\/page"}],"author":[{"embeddable":true,"href":"https:\/\/voletsouvers.ovh\/index.php\/wp-json\/wp\/v2\/users\/1"}],"replies":[{"embeddable":true,"href":"https:\/\/voletsouvers.ovh\/index.php\/wp-json\/wp\/v2\/comments?post=858"}],"version-history":[{"count":10,"href":"https:\/\/voletsouvers.ovh\/index.php\/wp-json\/wp\/v2\/pages\/858\/revisions"}],"predecessor-version":[{"id":2854,"href":"https:\/\/voletsouvers.ovh\/index.php\/wp-json\/wp\/v2\/pages\/858\/revisions\/2854"}],"up":[{"embeddable":true,"href":"https:\/\/voletsouvers.ovh\/index.php\/wp-json\/wp\/v2\/pages\/445"}],"wp:attachment":[{"href":"https:\/\/voletsouvers.ovh\/index.php\/wp-json\/wp\/v2\/media?parent=858"}],"curies":[{"name":"wp","href":"https:\/\/api.w.org\/{rel}","templated":true}]}}