{"id":445,"date":"2016-05-05T18:36:45","date_gmt":"2016-05-05T16:36:45","guid":{"rendered":"http:\/\/voletsouvers.ovh\/?page_id=445"},"modified":"2019-03-04T20:01:09","modified_gmt":"2019-03-04T19:01:09","slug":"a-propos","status":"publish","type":"page","link":"https:\/\/voletsouvers.ovh\/index.php\/a-propos\/","title":{"rendered":"A propos"},"content":{"rendered":"<p>[et_pb_section bb_built=\u00a0\u00bb1&Prime; admin_label=\u00a0\u00bbsection\u00a0\u00bb _builder_version=\u00a0\u00bb3.19.18&Prime;][et_pb_row admin_label=\u00a0\u00bbrow\u00a0\u00bb background_position=\u00a0\u00bbtop_left\u00a0\u00bb background_repeat=\u00a0\u00bbrepeat\u00a0\u00bb background_size=\u00a0\u00bbinitial\u00a0\u00bb _builder_version=\u00a0\u00bb3.19.18&Prime; background_color_1=\u00a0\u00bb#eeeeee\u00a0\u00bb][et_pb_column type=\u00a0\u00bb1_2&Prime;][et_pb_image src=\u00a0\u00bbhttp:\/\/voletsouvers.ovh\/wp-content\/uploads\/2016\/05\/Portrait-miroir.jpg\u00a0\u00bb show_in_lightbox=\u00a0\u00bboff\u00a0\u00bb url_new_window=\u00a0\u00bboff\u00a0\u00bb use_overlay=\u00a0\u00bboff\u00a0\u00bb animation=\u00a0\u00bbleft\u00a0\u00bb sticky=\u00a0\u00bboff\u00a0\u00bb align=\u00a0\u00bbleft\u00a0\u00bb force_fullwidth=\u00a0\u00bboff\u00a0\u00bb always_center_on_mobile=\u00a0\u00bbon\u00a0\u00bb use_border_color=\u00a0\u00bboff\u00a0\u00bb border_color=\u00a0\u00bb#ffffff\u00a0\u00bb border_style=\u00a0\u00bbsolid\u00a0\u00bb animation_style=\u00a0\u00bbslide\u00a0\u00bb animation_duration=\u00a0\u00bb500ms\u00a0\u00bb animation_intensity_slide=\u00a0\u00bb10%\u00a0\u00bb animation_direction=\u00a0\u00bbleft\u00a0\u00bb show_bottom_space=\u00a0\u00bbon\u00a0\u00bb]<\/p>\n<p>[\/et_pb_image][\/et_pb_column][et_pb_column type=\u00a0\u00bb1_2&Prime;][et_pb_text background_layout=\u00a0\u00bblight\u00a0\u00bb text_orientation=\u00a0\u00bbleft\u00a0\u00bb use_border_color=\u00a0\u00bboff\u00a0\u00bb border_color=\u00a0\u00bb#ffffff\u00a0\u00bb border_style=\u00a0\u00bbsolid\u00a0\u00bb background_position=\u00a0\u00bbtop_left\u00a0\u00bb background_repeat=\u00a0\u00bbrepeat\u00a0\u00bb background_size=\u00a0\u00bbinitial\u00a0\u00bb]<\/p>\n<p>\n<span style=\"font-family: verdana,geneva,sans-serif; font-size: 10pt;\">N\u00e9e au Vietnam en 1960, Colette Daviles-Estin\u00e8s passe son enfance en Oc\u00e9anie et en Afrique. Elle a \u00e9t\u00e9 paysanne durant plus de 30 ans dans le sud des Alpes.<\/span><br \/><span style=\"font-family: verdana,geneva,sans-serif; font-size: 10pt;\"> Ses textes (po\u00e9sie, chroniques, contes&#8230;) ont \u00e9volu\u00e9 au fil du temps. Tout d&rsquo;abord impr\u00e9gn\u00e9s du pass\u00e9 (Afrique et Arri\u00e8re-Pays ni\u00e7ois confondus), ils puisent leur inspiration dans un sentiment d&rsquo;exil et de perp\u00e9tuelle rupture. Pour s&rsquo;ancrer ensuite \u2013 ou s&rsquo;encrer ? \u2013 dans le pr\u00e9sent, ou tout au moins s&rsquo;animer de souvenirs apais\u00e9s.<\/span><\/p>\n<p>[\/et_pb_text][et_pb_text background_layout=\u00a0\u00bblight\u00a0\u00bb text_orientation=\u00a0\u00bbleft\u00a0\u00bb use_border_color=\u00a0\u00bboff\u00a0\u00bb border_color=\u00a0\u00bb#ffffff\u00a0\u00bb border_style=\u00a0\u00bbsolid\u00a0\u00bb background_position=\u00a0\u00bbtop_left\u00a0\u00bb background_repeat=\u00a0\u00bbrepeat\u00a0\u00bb background_size=\u00a0\u00bbinitial\u00a0\u00bb]<\/p>\n<p>\nRevues en ligne cliquez<a href=\"http:\/\/voletsouvers.ovh\/index.php\/a-propos\/mes-publications-en-ligne\/\"> ici<br \/><\/a>Revues papier cliquez <a href=\"http:\/\/voletsouvers.ovh\/index.php\/a-propos\/mes-publipapiers\/\">l\u00e0<br \/><\/a><a href=\"http:\/\/voletsouvers.ovh\/index.php\/a-propos\/livres-dartiste\/\">Livres d&rsquo;artiste <\/a><\/p>\n<p>[\/et_pb_text][et_pb_post_nav in_same_term=\u00a0\u00bbon\u00a0\u00bb taxonomy_name=\u00a0\u00bbA propos\u00a0\u00bb hide_prev=\u00a0\u00bboff\u00a0\u00bb hide_next=\u00a0\u00bboff\u00a0\u00bb use_border_color=\u00a0\u00bboff\u00a0\u00bb border_color=\u00a0\u00bb#ffffff\u00a0\u00bb border_style=\u00a0\u00bbsolid\u00a0\u00bb show_prev=\u00a0\u00bbon\u00a0\u00bb show_next=\u00a0\u00bbon\u00a0\u00bb]<\/p>\n<p>[\/et_pb_post_nav][\/et_pb_column][\/et_pb_row][\/et_pb_section]<\/p>\n","protected":false},"excerpt":{"rendered":"<p>N\u00e9e au Vietnam en 1960, Colette Daviles-Estin\u00e8s passe son enfance en Oc\u00e9anie et en Afrique. Elle a \u00e9t\u00e9 paysanne durant plus de 30 ans dans le sud des Alpes. Ses textes (po\u00e9sie, chroniques, contes&#8230;) ont \u00e9volu\u00e9 au fil du temps. Tout d&rsquo;abord impr\u00e9gn\u00e9s du pass\u00e9 (Afrique et Arri\u00e8re-Pays ni\u00e7ois confondus), ils puisent leur inspiration dans [&hellip;]<\/p>\n","protected":false},"author":1,"featured_media":0,"parent":0,"menu_order":0,"comment_status":"closed","ping_status":"closed","template":"","meta":{"_et_pb_use_builder":"on","_et_pb_old_content":"","_et_gb_content_width":"","om_disable_all_campaigns":false,"_exactmetrics_skip_tracking":false,"_exactmetrics_sitenote_active":false,"_exactmetrics_sitenote_note":"","_exactmetrics_sitenote_category":0,"_monsterinsights_skip_tracking":false,"_monsterinsights_sitenote_active":false,"_monsterinsights_sitenote_note":"","_monsterinsights_sitenote_category":0,"footnotes":""},"class_list":["post-445","page","type-page","status-publish","hentry"],"aioseo_notices":[],"_links":{"self":[{"href":"https:\/\/voletsouvers.ovh\/index.php\/wp-json\/wp\/v2\/pages\/445","targetHints":{"allow":["GET"]}}],"collection":[{"href":"https:\/\/voletsouvers.ovh\/index.php\/wp-json\/wp\/v2\/pages"}],"about":[{"href":"https:\/\/voletsouvers.ovh\/index.php\/wp-json\/wp\/v2\/types\/page"}],"author":[{"embeddable":true,"href":"https:\/\/voletsouvers.ovh\/index.php\/wp-json\/wp\/v2\/users\/1"}],"replies":[{"embeddable":true,"href":"https:\/\/voletsouvers.ovh\/index.php\/wp-json\/wp\/v2\/comments?post=445"}],"version-history":[{"count":12,"href":"https:\/\/voletsouvers.ovh\/index.php\/wp-json\/wp\/v2\/pages\/445\/revisions"}],"predecessor-version":[{"id":3400,"href":"https:\/\/voletsouvers.ovh\/index.php\/wp-json\/wp\/v2\/pages\/445\/revisions\/3400"}],"wp:attachment":[{"href":"https:\/\/voletsouvers.ovh\/index.php\/wp-json\/wp\/v2\/media?parent=445"}],"curies":[{"name":"wp","href":"https:\/\/api.w.org\/{rel}","templated":true}]}}