{"id":38,"date":"2016-05-02T13:43:02","date_gmt":"2016-05-02T12:43:02","guid":{"rendered":"http:\/\/voletsouvers.ovh\/?page_id=38"},"modified":"2020-03-06T11:15:48","modified_gmt":"2020-03-06T10:15:48","slug":"accueil","status":"publish","type":"page","link":"https:\/\/voletsouvers.ovh\/","title":{"rendered":"Accueil"},"content":{"rendered":"<p>[et_pb_section bb_built=\u00a0\u00bb1&Prime; admin_label=\u00a0\u00bbsection\u00a0\u00bb fullwidth=\u00a0\u00bbon\u00a0\u00bb specialty=\u00a0\u00bboff\u00a0\u00bb parallax_method=\u00a0\u00bboff\u00a0\u00bb custom_padding_last_edited=\u00a0\u00bbon|phone\u00a0\u00bb next_background_color=\u00a0\u00bb#77628c\u00a0\u00bb _builder_version=\u00a0\u00bb3.19.18&Prime; background_color=\u00a0\u00bb#ffffff\u00a0\u00bb][et_pb_fullwidth_slider admin_label=\u00a0\u00bbFullwidth Slider\u00a0\u00bb auto=\u00a0\u00bbon\u00a0\u00bb parallax=\u00a0\u00bbon\u00a0\u00bb background_position=\u00a0\u00bbtop_left\u00a0\u00bb box_shadow_blur=\u00a0\u00bb10px\u00a0\u00bb box_shadow_color=\u00a0\u00bbrgba(0,0,0,0.1)\u00a0\u00bb button_text_size__hover_enabled=\u00a0\u00bboff\u00a0\u00bb button_text_size__hover=\u00a0\u00bbnull\u00a0\u00bb button_one_text_size__hover_enabled=\u00a0\u00bboff\u00a0\u00bb button_one_text_size__hover=\u00a0\u00bbnull\u00a0\u00bb button_two_text_size__hover_enabled=\u00a0\u00bboff\u00a0\u00bb button_two_text_size__hover=\u00a0\u00bbnull\u00a0\u00bb button_text_color__hover_enabled=\u00a0\u00bboff\u00a0\u00bb button_text_color__hover=\u00a0\u00bbnull\u00a0\u00bb button_one_text_color__hover_enabled=\u00a0\u00bboff\u00a0\u00bb button_one_text_color__hover=\u00a0\u00bbnull\u00a0\u00bb button_two_text_color__hover_enabled=\u00a0\u00bboff\u00a0\u00bb button_two_text_color__hover=\u00a0\u00bbnull\u00a0\u00bb button_border_width__hover_enabled=\u00a0\u00bboff\u00a0\u00bb button_border_width__hover=\u00a0\u00bbnull\u00a0\u00bb button_one_border_width__hover_enabled=\u00a0\u00bboff\u00a0\u00bb button_one_border_width__hover=\u00a0\u00bbnull\u00a0\u00bb button_two_border_width__hover_enabled=\u00a0\u00bboff\u00a0\u00bb button_two_border_width__hover=\u00a0\u00bbnull\u00a0\u00bb button_border_color__hover_enabled=\u00a0\u00bboff\u00a0\u00bb button_border_color__hover=\u00a0\u00bbnull\u00a0\u00bb button_one_border_color__hover_enabled=\u00a0\u00bboff\u00a0\u00bb button_one_border_color__hover=\u00a0\u00bbnull\u00a0\u00bb button_two_border_color__hover_enabled=\u00a0\u00bboff\u00a0\u00bb button_two_border_color__hover=\u00a0\u00bbnull\u00a0\u00bb button_border_radius__hover_enabled=\u00a0\u00bboff\u00a0\u00bb button_border_radius__hover=\u00a0\u00bbnull\u00a0\u00bb button_one_border_radius__hover_enabled=\u00a0\u00bboff\u00a0\u00bb button_one_border_radius__hover=\u00a0\u00bbnull\u00a0\u00bb button_two_border_radius__hover_enabled=\u00a0\u00bboff\u00a0\u00bb button_two_border_radius__hover=\u00a0\u00bbnull\u00a0\u00bb button_letter_spacing__hover_enabled=\u00a0\u00bbon\u00a0\u00bb button_letter_spacing__hover=\u00a0\u00bb0&Prime; button_one_letter_spacing__hover_enabled=\u00a0\u00bboff\u00a0\u00bb button_one_letter_spacing__hover=\u00a0\u00bbnull\u00a0\u00bb button_two_letter_spacing__hover_enabled=\u00a0\u00bboff\u00a0\u00bb button_two_letter_spacing__hover=\u00a0\u00bbnull\u00a0\u00bb button_bg_color__hover_enabled=\u00a0\u00bboff\u00a0\u00bb button_bg_color__hover=\u00a0\u00bbnull\u00a0\u00bb button_one_bg_color__hover_enabled=\u00a0\u00bboff\u00a0\u00bb button_one_bg_color__hover=\u00a0\u00bbnull\u00a0\u00bb button_two_bg_color__hover_enabled=\u00a0\u00bboff\u00a0\u00bb button_two_bg_color__hover=\u00a0\u00bbnull\u00a0\u00bb _builder_version=\u00a0\u00bb3.19.18&Prime; auto_speed=\u00a0\u00bb6000&Prime; custom_padding_last_edited=\u00a0\u00bbon|phone\u00a0\u00bb background_color=\u00a0\u00bb#dfd3c3&Prime;][et_pb_slide background_color=\u00a0\u00bb#1b3c59&Prime; alignment=\u00a0\u00bbcenter\u00a0\u00bb background_layout=\u00a0\u00bbdark\u00a0\u00bb heading=\u00a0\u00bbVolets ou vers\u00a0\u00bb background_position=\u00a0\u00bbtop_left\u00a0\u00bb background_size=\u00a0\u00bbcover\u00a0\u00bb use_bg_overlay=\u00a0\u00bboff\u00a0\u00bb use_text_overlay=\u00a0\u00bboff\u00a0\u00bb allow_player_pause=\u00a0\u00bboff\u00a0\u00bb text_border_radius=\u00a0\u00bb3&Prime; header_font_select=\u00a0\u00bbdefault\u00a0\u00bb header_font=\u00a0\u00bb||||\u00a0\u00bb body_font_select=\u00a0\u00bbdefault\u00a0\u00bb body_font=\u00a0\u00bb||||\u00a0\u00bb button_font_select=\u00a0\u00bbdefault\u00a0\u00bb button_font=\u00a0\u00bb||||\u00a0\u00bb image=\u00a0\u00bbhttp:\/\/voletsouvers.ovh\/wp-content\/uploads\/2016\/05\/vol6.jpg\u00a0\u00bb button_text=\u00a0\u00bbPo\u00e9sie\u00a0\u00bb button_link=\u00a0\u00bbhttp:\/\/voletsouvers.ovh\/index.php\/volets\/\u00a0\u00bb _builder_version=\u00a0\u00bb3.19.18&Prime; url_new_window=\u00a0\u00bboff\u00a0\u00bb link_option_url_new_window=\u00a0\u00bboff\u00a0\u00bb use_background_color_gradient=\u00a0\u00bboff\u00a0\u00bb background_color_gradient_start=\u00a0\u00bb#2b87da\u00a0\u00bb background_color_gradient_end=\u00a0\u00bb#29c4a9&Prime; background_color_gradient_type=\u00a0\u00bblinear\u00a0\u00bb background_color_gradient_direction=\u00a0\u00bb180deg\u00a0\u00bb background_color_gradient_direction_radial=\u00a0\u00bbcenter\u00a0\u00bb background_color_gradient_start_position=\u00a0\u00bb0%\u00a0\u00bb background_color_gradient_end_position=\u00a0\u00bb100%\u00a0\u00bb background_color_gradient_overlays_image=\u00a0\u00bboff\u00a0\u00bb parallax=\u00a0\u00bboff\u00a0\u00bb parallax_method=\u00a0\u00bbon\u00a0\u00bb background_repeat=\u00a0\u00bbno-repeat\u00a0\u00bb background_blend=\u00a0\u00bbnormal\u00a0\u00bb background_video_pause_outside_viewport=\u00a0\u00bbon\u00a0\u00bb child_filter_hue_rotate=\u00a0\u00bb0deg\u00a0\u00bb child_filter_saturate=\u00a0\u00bb100%\u00a0\u00bb child_filter_brightness=\u00a0\u00bb100%\u00a0\u00bb child_filter_contrast=\u00a0\u00bb100%\u00a0\u00bb child_filter_invert=\u00a0\u00bb0%\u00a0\u00bb child_filter_sepia=\u00a0\u00bb0%\u00a0\u00bb child_filter_opacity=\u00a0\u00bb100%\u00a0\u00bb child_filter_blur=\u00a0\u00bb0px\u00a0\u00bb child_mix_blend_mode=\u00a0\u00bbnormal\u00a0\u00bb text_shadow_style=\u00a0\u00bbnone\u00a0\u00bb header_text_shadow_style=\u00a0\u00bbnone\u00a0\u00bb body_text_shadow_style=\u00a0\u00bbnone\u00a0\u00bb button_text_shadow_style=\u00a0\u00bbnone\u00a0\u00bb box_shadow_style_button=\u00a0\u00bbnone\u00a0\u00bb hover_transition_duration=\u00a0\u00bb300ms\u00a0\u00bb hover_transition_delay=\u00a0\u00bb0ms\u00a0\u00bb hover_transition_speed_curve=\u00a0\u00bbease\u00a0\u00bb text_shadow_horizontal_length=\u00a0\u00bb0em\u00a0\u00bb text_shadow_vertical_length=\u00a0\u00bb0em\u00a0\u00bb text_shadow_blur_strength=\u00a0\u00bb0em\u00a0\u00bb header_text_shadow_horizontal_length=\u00a0\u00bb0em\u00a0\u00bb header_text_shadow_vertical_length=\u00a0\u00bb0em\u00a0\u00bb header_text_shadow_blur_strength=\u00a0\u00bb0em\u00a0\u00bb body_text_shadow_horizontal_length=\u00a0\u00bb0em\u00a0\u00bb body_text_shadow_vertical_length=\u00a0\u00bb0em\u00a0\u00bb body_text_shadow_blur_strength=\u00a0\u00bb0em\u00a0\u00bb button_text_shadow_horizontal_length=\u00a0\u00bb0em\u00a0\u00bb button_text_shadow_vertical_length=\u00a0\u00bb0em\u00a0\u00bb button_text_shadow_blur_strength=\u00a0\u00bb0em\u00a0\u00bb custom_button=\u00a0\u00bboff\u00a0\u00bb button_bg_use_color_gradient=\u00a0\u00bboff\u00a0\u00bb button_bg_color_gradient_overlays_image=\u00a0\u00bboff\u00a0\u00bb button_use_icon=\u00a0\u00bbon\u00a0\u00bb button_on_hover=\u00a0\u00bbon\u00a0\u00bb]<\/p>\n<p>&nbsp;<\/p>\n<p>&nbsp;<\/p>\n<p><span style=\"font-family: verdana,geneva,sans-serif; font-size: 14pt;\">Une po\u00e9sie \u00e0 plusieurs volets<br \/>chaque volet ouvrant sur une p\u00e9riode donn\u00e9e<\/span><\/p>\n<p>[\/et_pb_slide][et_pb_slide background_color=\u00a0\u00bb#005874&Prime; alignment=\u00a0\u00bbcenter\u00a0\u00bb background_layout=\u00a0\u00bbdark\u00a0\u00bb button_text=\u00a0\u00bbA propos&#8230;\u00a0\u00bb background_position=\u00a0\u00bbtop_left\u00a0\u00bb background_size=\u00a0\u00bbcover\u00a0\u00bb use_bg_overlay=\u00a0\u00bboff\u00a0\u00bb use_text_overlay=\u00a0\u00bboff\u00a0\u00bb allow_player_pause=\u00a0\u00bboff\u00a0\u00bb text_border_radius=\u00a0\u00bb3&Prime; header_font_select=\u00a0\u00bbdefault\u00a0\u00bb header_font=\u00a0\u00bb||||\u00a0\u00bb body_font_select=\u00a0\u00bbdefault\u00a0\u00bb body_font=\u00a0\u00bb||||\u00a0\u00bb custom_button=\u00a0\u00bboff\u00a0\u00bb button_font_select=\u00a0\u00bbdefault\u00a0\u00bb button_font=\u00a0\u00bb||||\u00a0\u00bb button_use_icon=\u00a0\u00bbon\u00a0\u00bb button_on_hover=\u00a0\u00bbon\u00a0\u00bb image=\u00a0\u00bbhttp:\/\/voletsouvers.ovh\/wp-content\/uploads\/2016\/05\/Portrait-miroir.jpg\u00a0\u00bb button_link=\u00a0\u00bbhttp:\/\/voletsouvers.ovh\/index.php\/a-propos\/\u00a0\u00bb _builder_version=\u00a0\u00bb3.19.18&Prime; url_new_window=\u00a0\u00bboff\u00a0\u00bb link_option_url_new_window=\u00a0\u00bboff\u00a0\u00bb use_background_color_gradient=\u00a0\u00bboff\u00a0\u00bb background_color_gradient_start=\u00a0\u00bb#2b87da\u00a0\u00bb background_color_gradient_end=\u00a0\u00bb#29c4a9&Prime; background_color_gradient_type=\u00a0\u00bblinear\u00a0\u00bb background_color_gradient_direction=\u00a0\u00bb180deg\u00a0\u00bb background_color_gradient_direction_radial=\u00a0\u00bbcenter\u00a0\u00bb background_color_gradient_start_position=\u00a0\u00bb0%\u00a0\u00bb background_color_gradient_end_position=\u00a0\u00bb100%\u00a0\u00bb background_color_gradient_overlays_image=\u00a0\u00bboff\u00a0\u00bb parallax=\u00a0\u00bboff\u00a0\u00bb parallax_method=\u00a0\u00bbon\u00a0\u00bb background_repeat=\u00a0\u00bbno-repeat\u00a0\u00bb background_blend=\u00a0\u00bbnormal\u00a0\u00bb background_video_pause_outside_viewport=\u00a0\u00bbon\u00a0\u00bb child_filter_hue_rotate=\u00a0\u00bb0deg\u00a0\u00bb child_filter_saturate=\u00a0\u00bb100%\u00a0\u00bb child_filter_brightness=\u00a0\u00bb100%\u00a0\u00bb child_filter_contrast=\u00a0\u00bb100%\u00a0\u00bb child_filter_invert=\u00a0\u00bb0%\u00a0\u00bb child_filter_sepia=\u00a0\u00bb0%\u00a0\u00bb child_filter_opacity=\u00a0\u00bb100%\u00a0\u00bb child_filter_blur=\u00a0\u00bb0px\u00a0\u00bb child_mix_blend_mode=\u00a0\u00bbnormal\u00a0\u00bb text_shadow_style=\u00a0\u00bbnone\u00a0\u00bb header_text_shadow_style=\u00a0\u00bbnone\u00a0\u00bb body_text_shadow_style=\u00a0\u00bbnone\u00a0\u00bb button_bg_use_color_gradient=\u00a0\u00bboff\u00a0\u00bb button_bg_color_gradient_overlays_image=\u00a0\u00bboff\u00a0\u00bb button_text_shadow_style=\u00a0\u00bbnone\u00a0\u00bb box_shadow_style_button=\u00a0\u00bbnone\u00a0\u00bb hover_transition_duration=\u00a0\u00bb300ms\u00a0\u00bb hover_transition_delay=\u00a0\u00bb0ms\u00a0\u00bb hover_transition_speed_curve=\u00a0\u00bbease\u00a0\u00bb text_shadow_horizontal_length=\u00a0\u00bb0em\u00a0\u00bb text_shadow_vertical_length=\u00a0\u00bb0em\u00a0\u00bb text_shadow_blur_strength=\u00a0\u00bb0em\u00a0\u00bb header_text_shadow_horizontal_length=\u00a0\u00bb0em\u00a0\u00bb header_text_shadow_vertical_length=\u00a0\u00bb0em\u00a0\u00bb header_text_shadow_blur_strength=\u00a0\u00bb0em\u00a0\u00bb body_text_shadow_horizontal_length=\u00a0\u00bb0em\u00a0\u00bb body_text_shadow_vertical_length=\u00a0\u00bb0em\u00a0\u00bb body_text_shadow_blur_strength=\u00a0\u00bb0em\u00a0\u00bb button_text_shadow_horizontal_length=\u00a0\u00bb0em\u00a0\u00bb button_text_shadow_vertical_length=\u00a0\u00bb0em\u00a0\u00bb button_text_shadow_blur_strength=\u00a0\u00bb0em\u00a0\u00bb heading=\u00a0\u00bbColette Daviles-Estin\u00e8s\u00a0\u00bb \/][et_pb_slide background_color=\u00a0\u00bb#216583&Prime; alignment=\u00a0\u00bbcenter\u00a0\u00bb background_layout=\u00a0\u00bbdark\u00a0\u00bb heading=\u00a0\u00bbFen\u00eatre sur cour\u00a0\u00bb button_text=\u00a0\u00bbVid\u00e9os\u00a0\u00bb button_link=\u00a0\u00bbhttp:\/\/voletsouvers.ovh\/index.php\/fenetre-sur-cour\/\u00a0\u00bb background_position=\u00a0\u00bbtop_left\u00a0\u00bb background_size=\u00a0\u00bbcover\u00a0\u00bb image=\u00a0\u00bbhttp:\/\/voletsouvers.ovh\/wp-content\/uploads\/2016\/05\/Fenetre-sur-cour.png\u00a0\u00bb use_bg_overlay=\u00a0\u00bboff\u00a0\u00bb use_text_overlay=\u00a0\u00bboff\u00a0\u00bb allow_player_pause=\u00a0\u00bboff\u00a0\u00bb text_border_radius=\u00a0\u00bb0&Prime; header_font_select=\u00a0\u00bbdefault\u00a0\u00bb header_font=\u00a0\u00bb||||\u00a0\u00bb body_font_select=\u00a0\u00bbdefault\u00a0\u00bb body_font=\u00a0\u00bb||||\u00a0\u00bb button_font_select=\u00a0\u00bbdefault\u00a0\u00bb button_font=\u00a0\u00bb||||\u00a0\u00bb _builder_version=\u00a0\u00bb3.19.18&Prime; url_new_window=\u00a0\u00bboff\u00a0\u00bb link_option_url_new_window=\u00a0\u00bboff\u00a0\u00bb use_background_color_gradient=\u00a0\u00bboff\u00a0\u00bb background_color_gradient_start=\u00a0\u00bb#2b87da\u00a0\u00bb background_color_gradient_end=\u00a0\u00bb#29c4a9&Prime; background_color_gradient_type=\u00a0\u00bblinear\u00a0\u00bb background_color_gradient_direction=\u00a0\u00bb180deg\u00a0\u00bb background_color_gradient_direction_radial=\u00a0\u00bbcenter\u00a0\u00bb background_color_gradient_start_position=\u00a0\u00bb0%\u00a0\u00bb background_color_gradient_end_position=\u00a0\u00bb100%\u00a0\u00bb background_color_gradient_overlays_image=\u00a0\u00bboff\u00a0\u00bb parallax=\u00a0\u00bboff\u00a0\u00bb parallax_method=\u00a0\u00bbon\u00a0\u00bb background_repeat=\u00a0\u00bbno-repeat\u00a0\u00bb background_blend=\u00a0\u00bbnormal\u00a0\u00bb background_video_pause_outside_viewport=\u00a0\u00bbon\u00a0\u00bb child_filter_hue_rotate=\u00a0\u00bb0deg\u00a0\u00bb child_filter_saturate=\u00a0\u00bb100%\u00a0\u00bb child_filter_brightness=\u00a0\u00bb100%\u00a0\u00bb child_filter_contrast=\u00a0\u00bb100%\u00a0\u00bb child_filter_invert=\u00a0\u00bb0%\u00a0\u00bb child_filter_sepia=\u00a0\u00bb0%\u00a0\u00bb child_filter_opacity=\u00a0\u00bb100%\u00a0\u00bb child_filter_blur=\u00a0\u00bb0px\u00a0\u00bb child_mix_blend_mode=\u00a0\u00bbnormal\u00a0\u00bb text_shadow_style=\u00a0\u00bbnone\u00a0\u00bb header_text_shadow_style=\u00a0\u00bbnone\u00a0\u00bb body_text_shadow_style=\u00a0\u00bbnone\u00a0\u00bb button_text_shadow_style=\u00a0\u00bbnone\u00a0\u00bb box_shadow_style_button=\u00a0\u00bbnone\u00a0\u00bb hover_transition_duration=\u00a0\u00bb300ms\u00a0\u00bb hover_transition_delay=\u00a0\u00bb0ms\u00a0\u00bb hover_transition_speed_curve=\u00a0\u00bbease\u00a0\u00bb text_shadow_horizontal_length=\u00a0\u00bb0em\u00a0\u00bb text_shadow_vertical_length=\u00a0\u00bb0em\u00a0\u00bb text_shadow_blur_strength=\u00a0\u00bb0em\u00a0\u00bb header_text_shadow_horizontal_length=\u00a0\u00bb0em\u00a0\u00bb header_text_shadow_vertical_length=\u00a0\u00bb0em\u00a0\u00bb header_text_shadow_blur_strength=\u00a0\u00bb0em\u00a0\u00bb body_text_shadow_horizontal_length=\u00a0\u00bb0em\u00a0\u00bb body_text_shadow_vertical_length=\u00a0\u00bb0em\u00a0\u00bb body_text_shadow_blur_strength=\u00a0\u00bb0em\u00a0\u00bb button_text_shadow_horizontal_length=\u00a0\u00bb0em\u00a0\u00bb button_text_shadow_vertical_length=\u00a0\u00bb0em\u00a0\u00bb button_text_shadow_blur_strength=\u00a0\u00bb0em\u00a0\u00bb custom_button=\u00a0\u00bboff\u00a0\u00bb button_bg_use_color_gradient=\u00a0\u00bboff\u00a0\u00bb button_bg_color_gradient_overlays_image=\u00a0\u00bboff\u00a0\u00bb button_use_icon=\u00a0\u00bbon\u00a0\u00bb button_on_hover=\u00a0\u00bbon\u00a0\u00bb \/][et_pb_slide background_color=\u00a0\u00bb#2d4059&Prime; alignment=\u00a0\u00bbcenter\u00a0\u00bb background_layout=\u00a0\u00bbdark\u00a0\u00bb heading=\u00a0\u00bbChroniques\u00a0\u00bb button_text=\u00a0\u00bben lire plus\u00a0\u00bb button_link=\u00a0\u00bbhttp:\/\/voletsouvers.ovh\/index.php\/chroniques\/\u00a0\u00bb background_position=\u00a0\u00bbtop_left\u00a0\u00bb background_size=\u00a0\u00bbcover\u00a0\u00bb image=\u00a0\u00bbhttp:\/\/voletsouvers.ovh\/wp-content\/uploads\/2016\/05\/Voiture-reflet.png\u00a0\u00bb use_bg_overlay=\u00a0\u00bboff\u00a0\u00bb use_text_overlay=\u00a0\u00bboff\u00a0\u00bb allow_player_pause=\u00a0\u00bboff\u00a0\u00bb text_border_radius=\u00a0\u00bb3&Prime; header_font_select=\u00a0\u00bbdefault\u00a0\u00bb header_font=\u00a0\u00bb||||\u00a0\u00bb body_font_select=\u00a0\u00bbdefault\u00a0\u00bb body_font=\u00a0\u00bb||||\u00a0\u00bb button_font_select=\u00a0\u00bbdefault\u00a0\u00bb button_font=\u00a0\u00bb||||\u00a0\u00bb _builder_version=\u00a0\u00bb3.19.18&Prime; url_new_window=\u00a0\u00bboff\u00a0\u00bb link_option_url_new_window=\u00a0\u00bboff\u00a0\u00bb use_background_color_gradient=\u00a0\u00bboff\u00a0\u00bb background_color_gradient_start=\u00a0\u00bb#2b87da\u00a0\u00bb background_color_gradient_end=\u00a0\u00bb#29c4a9&Prime; background_color_gradient_type=\u00a0\u00bblinear\u00a0\u00bb background_color_gradient_direction=\u00a0\u00bb180deg\u00a0\u00bb background_color_gradient_direction_radial=\u00a0\u00bbcenter\u00a0\u00bb background_color_gradient_start_position=\u00a0\u00bb0%\u00a0\u00bb background_color_gradient_end_position=\u00a0\u00bb100%\u00a0\u00bb background_color_gradient_overlays_image=\u00a0\u00bboff\u00a0\u00bb parallax=\u00a0\u00bboff\u00a0\u00bb parallax_method=\u00a0\u00bbon\u00a0\u00bb background_repeat=\u00a0\u00bbno-repeat\u00a0\u00bb background_blend=\u00a0\u00bbnormal\u00a0\u00bb background_video_pause_outside_viewport=\u00a0\u00bbon\u00a0\u00bb child_filter_hue_rotate=\u00a0\u00bb0deg\u00a0\u00bb child_filter_saturate=\u00a0\u00bb100%\u00a0\u00bb child_filter_brightness=\u00a0\u00bb100%\u00a0\u00bb child_filter_contrast=\u00a0\u00bb100%\u00a0\u00bb child_filter_invert=\u00a0\u00bb0%\u00a0\u00bb child_filter_sepia=\u00a0\u00bb0%\u00a0\u00bb child_filter_opacity=\u00a0\u00bb100%\u00a0\u00bb child_filter_blur=\u00a0\u00bb0px\u00a0\u00bb child_mix_blend_mode=\u00a0\u00bbnormal\u00a0\u00bb text_shadow_style=\u00a0\u00bbnone\u00a0\u00bb header_text_shadow_style=\u00a0\u00bbnone\u00a0\u00bb body_text_shadow_style=\u00a0\u00bbnone\u00a0\u00bb button_text_shadow_style=\u00a0\u00bbnone\u00a0\u00bb box_shadow_style_button=\u00a0\u00bbnone\u00a0\u00bb hover_transition_duration=\u00a0\u00bb300ms\u00a0\u00bb hover_transition_delay=\u00a0\u00bb0ms\u00a0\u00bb hover_transition_speed_curve=\u00a0\u00bbease\u00a0\u00bb text_shadow_horizontal_length=\u00a0\u00bb0em\u00a0\u00bb text_shadow_vertical_length=\u00a0\u00bb0em\u00a0\u00bb text_shadow_blur_strength=\u00a0\u00bb0em\u00a0\u00bb header_text_shadow_horizontal_length=\u00a0\u00bb0em\u00a0\u00bb header_text_shadow_vertical_length=\u00a0\u00bb0em\u00a0\u00bb header_text_shadow_blur_strength=\u00a0\u00bb0em\u00a0\u00bb body_text_shadow_horizontal_length=\u00a0\u00bb0em\u00a0\u00bb body_text_shadow_vertical_length=\u00a0\u00bb0em\u00a0\u00bb body_text_shadow_blur_strength=\u00a0\u00bb0em\u00a0\u00bb button_text_shadow_horizontal_length=\u00a0\u00bb0em\u00a0\u00bb button_text_shadow_vertical_length=\u00a0\u00bb0em\u00a0\u00bb button_text_shadow_blur_strength=\u00a0\u00bb0em\u00a0\u00bb custom_button=\u00a0\u00bboff\u00a0\u00bb button_bg_use_color_gradient=\u00a0\u00bboff\u00a0\u00bb button_bg_color_gradient_overlays_image=\u00a0\u00bboff\u00a0\u00bb button_use_icon=\u00a0\u00bbon\u00a0\u00bb button_on_hover=\u00a0\u00bbon\u00a0\u00bb]<\/p>\n<p>Tristes ou gaies, des histoires vraies<\/p>\n<p>[\/et_pb_slide][et_pb_slide heading=\u00a0\u00bbContes pour mon enfant\u00a0\u00bb button_text=\u00a0\u00bben lire plus\u00a0\u00bb button_link=\u00a0\u00bbhttp:\/\/voletsouvers.ovh\/index.php\/contes\/\u00a0\u00bb background_position=\u00a0\u00bbtop_left\u00a0\u00bb background_size=\u00a0\u00bbcover\u00a0\u00bb background_color=\u00a0\u00bb#005874&Prime; use_bg_overlay=\u00a0\u00bboff\u00a0\u00bb use_text_overlay=\u00a0\u00bboff\u00a0\u00bb alignment=\u00a0\u00bbcenter\u00a0\u00bb background_layout=\u00a0\u00bbdark\u00a0\u00bb allow_player_pause=\u00a0\u00bboff\u00a0\u00bb text_border_radius=\u00a0\u00bb3&Prime; header_font_select=\u00a0\u00bbdefault\u00a0\u00bb header_font=\u00a0\u00bb||||\u00a0\u00bb body_font_select=\u00a0\u00bbdefault\u00a0\u00bb body_font=\u00a0\u00bb||||\u00a0\u00bb custom_button=\u00a0\u00bboff\u00a0\u00bb button_font_select=\u00a0\u00bbdefault\u00a0\u00bb button_font=\u00a0\u00bb||||\u00a0\u00bb button_use_icon=\u00a0\u00bbon\u00a0\u00bb button_on_hover=\u00a0\u00bbon\u00a0\u00bb image=\u00a0\u00bbhttp:\/\/voletsouvers.ovh\/wp-content\/uploads\/2016\/05\/Baobab.png\u00a0\u00bb _builder_version=\u00a0\u00bb3.19.18&Prime; url_new_window=\u00a0\u00bboff\u00a0\u00bb link_option_url_new_window=\u00a0\u00bboff\u00a0\u00bb use_background_color_gradient=\u00a0\u00bboff\u00a0\u00bb background_color_gradient_start=\u00a0\u00bb#2b87da\u00a0\u00bb background_color_gradient_end=\u00a0\u00bb#29c4a9&Prime; background_color_gradient_type=\u00a0\u00bblinear\u00a0\u00bb background_color_gradient_direction=\u00a0\u00bb180deg\u00a0\u00bb background_color_gradient_direction_radial=\u00a0\u00bbcenter\u00a0\u00bb background_color_gradient_start_position=\u00a0\u00bb0%\u00a0\u00bb background_color_gradient_end_position=\u00a0\u00bb100%\u00a0\u00bb background_color_gradient_overlays_image=\u00a0\u00bboff\u00a0\u00bb parallax=\u00a0\u00bboff\u00a0\u00bb parallax_method=\u00a0\u00bbon\u00a0\u00bb background_repeat=\u00a0\u00bbno-repeat\u00a0\u00bb background_blend=\u00a0\u00bbnormal\u00a0\u00bb background_video_pause_outside_viewport=\u00a0\u00bbon\u00a0\u00bb child_filter_hue_rotate=\u00a0\u00bb0deg\u00a0\u00bb child_filter_saturate=\u00a0\u00bb100%\u00a0\u00bb child_filter_brightness=\u00a0\u00bb100%\u00a0\u00bb child_filter_contrast=\u00a0\u00bb100%\u00a0\u00bb child_filter_invert=\u00a0\u00bb0%\u00a0\u00bb child_filter_sepia=\u00a0\u00bb0%\u00a0\u00bb child_filter_opacity=\u00a0\u00bb100%\u00a0\u00bb child_filter_blur=\u00a0\u00bb0px\u00a0\u00bb child_mix_blend_mode=\u00a0\u00bbnormal\u00a0\u00bb text_shadow_style=\u00a0\u00bbnone\u00a0\u00bb header_text_shadow_style=\u00a0\u00bbnone\u00a0\u00bb body_text_shadow_style=\u00a0\u00bbnone\u00a0\u00bb button_bg_use_color_gradient=\u00a0\u00bboff\u00a0\u00bb button_bg_color_gradient_overlays_image=\u00a0\u00bboff\u00a0\u00bb button_text_shadow_style=\u00a0\u00bbnone\u00a0\u00bb box_shadow_style_button=\u00a0\u00bbnone\u00a0\u00bb hover_transition_duration=\u00a0\u00bb300ms\u00a0\u00bb hover_transition_delay=\u00a0\u00bb0ms\u00a0\u00bb hover_transition_speed_curve=\u00a0\u00bbease\u00a0\u00bb text_shadow_horizontal_length=\u00a0\u00bb0em\u00a0\u00bb text_shadow_vertical_length=\u00a0\u00bb0em\u00a0\u00bb text_shadow_blur_strength=\u00a0\u00bb0em\u00a0\u00bb header_text_shadow_horizontal_length=\u00a0\u00bb0em\u00a0\u00bb header_text_shadow_vertical_length=\u00a0\u00bb0em\u00a0\u00bb header_text_shadow_blur_strength=\u00a0\u00bb0em\u00a0\u00bb body_text_shadow_horizontal_length=\u00a0\u00bb0em\u00a0\u00bb body_text_shadow_vertical_length=\u00a0\u00bb0em\u00a0\u00bb body_text_shadow_blur_strength=\u00a0\u00bb0em\u00a0\u00bb button_text_shadow_horizontal_length=\u00a0\u00bb0em\u00a0\u00bb button_text_shadow_vertical_length=\u00a0\u00bb0em\u00a0\u00bb button_text_shadow_blur_strength=\u00a0\u00bb0em\u00a0\u00bb \/][\/et_pb_fullwidth_slider][\/et_pb_section][et_pb_section bb_built=\u00a0\u00bb1&Prime; specialty=\u00a0\u00bboff\u00a0\u00bb prev_background_color=\u00a0\u00bb#ffffff\u00a0\u00bb _builder_version=\u00a0\u00bb3.19.18&Prime; background_color=\u00a0\u00bb#77628c\u00a0\u00bb][et_pb_row background_position=\u00a0\u00bbtop_left\u00a0\u00bb background_repeat=\u00a0\u00bbrepeat\u00a0\u00bb background_size=\u00a0\u00bbinitial\u00a0\u00bb _builder_version=\u00a0\u00bb3.19.18&Prime;][et_pb_column type=\u00a0\u00bb4_4&Prime;][et_pb_text _builder_version=\u00a0\u00bb3.19.18&Prime; background_color=\u00a0\u00bb#375a7f\u00a0\u00bb]<\/p>\n<p><span style=\"font-size: 18pt; color: #ffffff;\">Derni\u00e8res parutions\u2026<\/span><\/p>\n<p>[\/et_pb_text][et_pb_blog posts_number=\u00a0\u00bb3&Prime; show_comments=\u00a0\u00bbon\u00a0\u00bb use_dropshadow=\u00a0\u00bboff\u00a0\u00bb use_border_color=\u00a0\u00bboff\u00a0\u00bb border_color=\u00a0\u00bb#ffffff\u00a0\u00bb border_style=\u00a0\u00bbsolid\u00a0\u00bb _builder_version=\u00a0\u00bb3.19.18&Prime; meta_date=\u00a0\u00bbj M Y\u00a0\u00bb show_more=\u00a0\u00bbon\u00a0\u00bb header_font=\u00a0\u00bb|700|||||||\u00a0\u00bb header_text_color=\u00a0\u00bb#bf221a\u00a0\u00bb header_text_align=\u00a0\u00bbcenter\u00a0\u00bb header_line_height=\u00a0\u00bb1.4em\u00a0\u00bb header_text_shadow_style=\u00a0\u00bbpreset2&Prime; show_content=\u00a0\u00bbon\u00a0\u00bb fullwidth=\u00a0\u00bboff\u00a0\u00bb show_author=\u00a0\u00bboff\u00a0\u00bb show_categories=\u00a0\u00bboff\u00a0\u00bb show_pagination=\u00a0\u00bboff\u00a0\u00bb text_orientation=\u00a0\u00bbcenter\u00a0\u00bb]<\/p>\n<p>[\/et_pb_blog][\/et_pb_column][\/et_pb_row][\/et_pb_section]<\/p>\n","protected":false},"excerpt":{"rendered":"<p>&nbsp;&nbsp;Une po\u00e9sie \u00e0 plusieurs voletschaque volet ouvrant sur une p\u00e9riode donn\u00e9e Tristes ou gaies, des histoires vraies Derni\u00e8res parutions\u2026<\/p>\n","protected":false},"author":1,"featured_media":0,"parent":0,"menu_order":5,"comment_status":"closed","ping_status":"closed","template":"","meta":{"_et_pb_use_builder":"on","_et_pb_old_content":"","_et_gb_content_width":"","om_disable_all_campaigns":false,"_exactmetrics_skip_tracking":false,"_exactmetrics_sitenote_active":false,"_exactmetrics_sitenote_note":"","_exactmetrics_sitenote_category":0,"_monsterinsights_skip_tracking":false,"_monsterinsights_sitenote_active":false,"_monsterinsights_sitenote_note":"","_monsterinsights_sitenote_category":0,"footnotes":""},"class_list":["post-38","page","type-page","status-publish","hentry"],"aioseo_notices":[],"_links":{"self":[{"href":"https:\/\/voletsouvers.ovh\/index.php\/wp-json\/wp\/v2\/pages\/38","targetHints":{"allow":["GET"]}}],"collection":[{"href":"https:\/\/voletsouvers.ovh\/index.php\/wp-json\/wp\/v2\/pages"}],"about":[{"href":"https:\/\/voletsouvers.ovh\/index.php\/wp-json\/wp\/v2\/types\/page"}],"author":[{"embeddable":true,"href":"https:\/\/voletsouvers.ovh\/index.php\/wp-json\/wp\/v2\/users\/1"}],"replies":[{"embeddable":true,"href":"https:\/\/voletsouvers.ovh\/index.php\/wp-json\/wp\/v2\/comments?post=38"}],"version-history":[{"count":114,"href":"https:\/\/voletsouvers.ovh\/index.php\/wp-json\/wp\/v2\/pages\/38\/revisions"}],"predecessor-version":[{"id":3785,"href":"https:\/\/voletsouvers.ovh\/index.php\/wp-json\/wp\/v2\/pages\/38\/revisions\/3785"}],"wp:attachment":[{"href":"https:\/\/voletsouvers.ovh\/index.php\/wp-json\/wp\/v2\/media?parent=38"}],"curies":[{"name":"wp","href":"https:\/\/api.w.org\/{rel}","templated":true}]}}