{"id":171,"date":"2016-05-02T21:31:44","date_gmt":"2016-05-02T20:31:44","guid":{"rendered":"http:\/\/voletsouvers.ovh\/?page_id=171"},"modified":"2016-05-10T18:22:41","modified_gmt":"2016-05-10T16:22:41","slug":"cinquieme-volet","status":"publish","type":"page","link":"https:\/\/voletsouvers.ovh\/index.php\/cinquieme-volet\/","title":{"rendered":"Cinqui\u00e8me volet"},"content":{"rendered":"<p>[et_pb_section admin_label=\u00a0\u00bbsection\u00a0\u00bb][et_pb_row admin_label=\u00a0\u00bbrow\u00a0\u00bb][et_pb_column type=\u00a0\u00bb1_3&Prime;][et_pb_image admin_label=\u00a0\u00bbImage\u00a0\u00bb src=\u00a0\u00bbhttp:\/\/voletsouvers.ovh\/wp-content\/uploads\/2016\/05\/vol5.jpg\u00a0\u00bb show_in_lightbox=\u00a0\u00bboff\u00a0\u00bb url_new_window=\u00a0\u00bboff\u00a0\u00bb use_overlay=\u00a0\u00bboff\u00a0\u00bb animation=\u00a0\u00bbleft\u00a0\u00bb sticky=\u00a0\u00bboff\u00a0\u00bb align=\u00a0\u00bbleft\u00a0\u00bb force_fullwidth=\u00a0\u00bboff\u00a0\u00bb always_center_on_mobile=\u00a0\u00bbon\u00a0\u00bb use_border_color=\u00a0\u00bboff\u00a0\u00bb border_color=\u00a0\u00bb#ffffff\u00a0\u00bb border_style=\u00a0\u00bbsolid\u00a0\u00bb] [\/et_pb_image][et_pb_sidebar admin_label=\u00a0\u00bbBarre lat\u00e9rale\u00a0\u00bb orientation=\u00a0\u00bbleft\u00a0\u00bb area=\u00a0\u00bbsidebar-1&Prime; background_layout=\u00a0\u00bblight\u00a0\u00bb remove_border=\u00a0\u00bboff\u00a0\u00bb] [\/et_pb_sidebar][\/et_pb_column][et_pb_column type=\u00a0\u00bb2_3&Prime;][et_pb_text admin_label=\u00a0\u00bbTexte\u00a0\u00bb background_layout=\u00a0\u00bblight\u00a0\u00bb text_orientation=\u00a0\u00bbleft\u00a0\u00bb use_border_color=\u00a0\u00bboff\u00a0\u00bb border_color=\u00a0\u00bb#ffffff\u00a0\u00bb border_style=\u00a0\u00bbsolid\u00a0\u00bb background_color=\u00a0\u00bb#f4f4f4&Prime;]<\/p>\n<h1><span style=\"color: #999999;\"><strong>Cinqui\u00e8me volet<\/strong><\/span><\/h1>\n<div>Parfois mots s&rsquo;en suivent<\/div>\n<div>Parfois pas<\/div>\n<div>Ou alors \u00e0 peine fronc\u00e9s<\/div>\n<div>Leur sens au verso des images<\/div>\n<p><em>\u00a0<\/em><\/p>\n<p>[\/et_pb_text][et_pb_blog admin_label=\u00a0\u00bbBlog\u00a0\u00bb fullwidth=\u00a0\u00bbon\u00a0\u00bb include_categories=\u00a0\u00bb12&Prime; meta_date=\u00a0\u00bbj M Y\u00a0\u00bb show_thumbnail=\u00a0\u00bbon\u00a0\u00bb show_content=\u00a0\u00bboff\u00a0\u00bb show_more=\u00a0\u00bbon\u00a0\u00bb show_author=\u00a0\u00bboff\u00a0\u00bb show_date=\u00a0\u00bboff\u00a0\u00bb show_categories=\u00a0\u00bboff\u00a0\u00bb show_comments=\u00a0\u00bboff\u00a0\u00bb show_pagination=\u00a0\u00bbon\u00a0\u00bb offset_number=\u00a0\u00bb0&Prime; use_overlay=\u00a0\u00bboff\u00a0\u00bb background_layout=\u00a0\u00bblight\u00a0\u00bb use_dropshadow=\u00a0\u00bboff\u00a0\u00bb use_border_color=\u00a0\u00bboff\u00a0\u00bb border_color=\u00a0\u00bb#ffffff\u00a0\u00bb border_style=\u00a0\u00bbsolid\u00a0\u00bb] [\/et_pb_blog][et_pb_post_nav admin_label=\u00a0\u00bbNavigation dans les posts\u00a0\u00bb in_same_term=\u00a0\u00bboff\u00a0\u00bb hide_prev=\u00a0\u00bboff\u00a0\u00bb hide_next=\u00a0\u00bboff\u00a0\u00bb use_border_color=\u00a0\u00bboff\u00a0\u00bb border_color=\u00a0\u00bb#ffffff\u00a0\u00bb border_style=\u00a0\u00bbsolid\u00a0\u00bb] [\/et_pb_post_nav][\/et_pb_column][\/et_pb_row][\/et_pb_section]<\/p>\n","protected":false},"excerpt":{"rendered":"<p>Cinqui\u00e8me volet Parfois mots s&rsquo;en suivent Parfois pas Ou alors \u00e0 peine fronc\u00e9s Leur sens au verso des images \u00a0<\/p>\n","protected":false},"author":1,"featured_media":0,"parent":0,"menu_order":30,"comment_status":"closed","ping_status":"closed","template":"","meta":{"_et_pb_use_builder":"on","_et_pb_old_content":"","_et_gb_content_width":"","om_disable_all_campaigns":false,"_exactmetrics_skip_tracking":false,"_exactmetrics_sitenote_active":false,"_exactmetrics_sitenote_note":"","_exactmetrics_sitenote_category":0,"_monsterinsights_skip_tracking":false,"_monsterinsights_sitenote_active":false,"_monsterinsights_sitenote_note":"","_monsterinsights_sitenote_category":0,"footnotes":""},"class_list":["post-171","page","type-page","status-publish","hentry"],"aioseo_notices":[],"_links":{"self":[{"href":"https:\/\/voletsouvers.ovh\/index.php\/wp-json\/wp\/v2\/pages\/171","targetHints":{"allow":["GET"]}}],"collection":[{"href":"https:\/\/voletsouvers.ovh\/index.php\/wp-json\/wp\/v2\/pages"}],"about":[{"href":"https:\/\/voletsouvers.ovh\/index.php\/wp-json\/wp\/v2\/types\/page"}],"author":[{"embeddable":true,"href":"https:\/\/voletsouvers.ovh\/index.php\/wp-json\/wp\/v2\/users\/1"}],"replies":[{"embeddable":true,"href":"https:\/\/voletsouvers.ovh\/index.php\/wp-json\/wp\/v2\/comments?post=171"}],"version-history":[{"count":8,"href":"https:\/\/voletsouvers.ovh\/index.php\/wp-json\/wp\/v2\/pages\/171\/revisions"}],"predecessor-version":[{"id":1313,"href":"https:\/\/voletsouvers.ovh\/index.php\/wp-json\/wp\/v2\/pages\/171\/revisions\/1313"}],"wp:attachment":[{"href":"https:\/\/voletsouvers.ovh\/index.php\/wp-json\/wp\/v2\/media?parent=171"}],"curies":[{"name":"wp","href":"https:\/\/api.w.org\/{rel}","templated":true}]}}