{"id":1667,"date":"2016-05-12T11:32:30","date_gmt":"2016-05-12T09:32:30","guid":{"rendered":"http:\/\/voletsouvers.ovh\/?page_id=1667"},"modified":"2025-01-31T01:50:56","modified_gmt":"2025-01-31T00:50:56","slug":"passerelles","status":"publish","type":"page","link":"https:\/\/voletsouvers.ovh\/index.php\/passerelles\/","title":{"rendered":"Passerelles"},"content":{"rendered":"<p>[et_pb_section fb_built=\u00a0\u00bb1&Prime; admin_label=\u00a0\u00bbsection\u00a0\u00bb _builder_version=\u00a0\u00bb4.16&Prime; global_colors_info=\u00a0\u00bb{}\u00a0\u00bb][et_pb_row column_structure=\u00a0\u00bb1_3,2_3&Prime; admin_label=\u00a0\u00bbrow\u00a0\u00bb _builder_version=\u00a0\u00bb4.16&Prime; background_size=\u00a0\u00bbinitial\u00a0\u00bb background_position=\u00a0\u00bbtop_left\u00a0\u00bb background_repeat=\u00a0\u00bbrepeat\u00a0\u00bb global_colors_info=\u00a0\u00bb{}\u00a0\u00bb][et_pb_column type=\u00a0\u00bb1_3&Prime; _builder_version=\u00a0\u00bb4.16&Prime; custom_padding=\u00a0\u00bb|||\u00a0\u00bb global_colors_info=\u00a0\u00bb{}\u00a0\u00bb custom_padding__hover=\u00a0\u00bb|||\u00a0\u00bb][et_pb_image src=\u00a0\u00bbhttp:\/\/voletsouvers.ovh\/wp-content\/uploads\/2016\/05\/Corde-passerelle.jpg\u00a0\u00bb align_tablet=\u00a0\u00bbcenter\u00a0\u00bb align_phone=\u00a0\u00bbcenter\u00a0\u00bb align_last_edited=\u00a0\u00bbon|desktop\u00a0\u00bb _builder_version=\u00a0\u00bb4.16&Prime; animation_style=\u00a0\u00bbslide\u00a0\u00bb animation_direction=\u00a0\u00bbleft\u00a0\u00bb animation_duration=\u00a0\u00bb500ms\u00a0\u00bb animation_intensity_slide=\u00a0\u00bb10%\u00a0\u00bb animation=\u00a0\u00bbleft\u00a0\u00bb sticky=\u00a0\u00bboff\u00a0\u00bb use_border_color=\u00a0\u00bboff\u00a0\u00bb border_color=\u00a0\u00bb#ffffff\u00a0\u00bb border_style=\u00a0\u00bbsolid\u00a0\u00bb always_center_on_mobile=\u00a0\u00bbon\u00a0\u00bb global_colors_info=\u00a0\u00bb{}\u00a0\u00bb]<br \/>\n[\/et_pb_image][et_pb_sidebar area=\u00a0\u00bbsidebar-1&Prime; _builder_version=\u00a0\u00bb4.16&Prime; remove_border=\u00a0\u00bboff\u00a0\u00bb global_colors_info=\u00a0\u00bb{}\u00a0\u00bb]<br \/>\n[\/et_pb_sidebar][\/et_pb_column][et_pb_column type=\u00a0\u00bb2_3&Prime; _builder_version=\u00a0\u00bb4.16&Prime; custom_padding=\u00a0\u00bb|||\u00a0\u00bb global_colors_info=\u00a0\u00bb{}\u00a0\u00bb custom_padding__hover=\u00a0\u00bb|||\u00a0\u00bb][et_pb_text _builder_version=\u00a0\u00bb4.16&Prime; background_color=\u00a0\u00bb#e5e5e5&Prime; background_size=\u00a0\u00bbinitial\u00a0\u00bb background_position=\u00a0\u00bbtop_left\u00a0\u00bb background_repeat=\u00a0\u00bbrepeat\u00a0\u00bb use_border_color=\u00a0\u00bboff\u00a0\u00bb global_colors_info=\u00a0\u00bb{}\u00a0\u00bb]<\/p>\n<p><span style=\"font-family: verdana,geneva,sans-serif;\"><em>L\u00e0 o\u00f9 je suis<br \/>ou bien ceux que je suis tout simplement.<br \/>Liste non-exhaustive<br \/><\/em><\/span><\/p>\n<p>[\/et_pb_text][et_pb_text _builder_version=\u00a0\u00bb4.27.4&Prime; background_size=\u00a0\u00bbinitial\u00a0\u00bb background_position=\u00a0\u00bbtop_left\u00a0\u00bb background_repeat=\u00a0\u00bbrepeat\u00a0\u00bb hover_enabled=\u00a0\u00bb0&Prime; use_border_color=\u00a0\u00bboff\u00a0\u00bb global_colors_info=\u00a0\u00bb{}\u00a0\u00bb sticky_enabled=\u00a0\u00bb0&Prime;]<\/p>\n<p><span style=\"font-family: verdana, geneva, sans-serif; font-size: 12pt; color: #808080;\">\u25ba <a style=\"color: #808080;\" href=\"http:\/\/www.lacauselitteraire.fr\/\" target=\"_blank\" rel=\"noopener noreferrer\">La cause Litt\u00e9raire<\/a><\/span><br \/><span style=\"font-family: verdana, geneva, sans-serif; font-size: 12pt; color: #808080;\"> \u25ba <a style=\"color: #808080;\" href=\"http:\/\/www.le-capital-des-mots.fr\/\" target=\"_blank\" rel=\"noopener noreferrer\">LE CAPITAL DES MOTS<\/a><\/span><br \/><span style=\"font-family: verdana, geneva, sans-serif; font-size: 12pt; color: #808080;\"> \u25ba<a style=\"color: #808080;\" href=\"http:\/\/mipah.be\/fr\/Journal-des-Poetes\/Presentation\/\" target=\"_blank\" rel=\"noopener noreferrer\"> Le Journal des Po\u00e8tes<\/a><\/span><br \/><span style=\"font-family: verdana, geneva, sans-serif; font-size: 12pt; color: #808080;\"> \u25ba<a style=\"color: #808080;\" href=\"http:\/\/mipah.be\/fr\/Journal-des-Poetes\/Presentation\/\">\u00a0<\/a><a style=\"color: #808080;\" href=\"http:\/\/larevuenouveauxdelits.hautetfort.com\/\" target=\"_blank\" rel=\"noopener noreferrer\">Nouveaux D\u00e9lits<\/a><\/span><br \/><span id=\"yui_3_5_0_1_1409757924299_437\" style=\"font-family: verdana, geneva, sans-serif; font-size: 12pt; color: #808080;\"> <span id=\"yui_3_5_0_1_1409757924299_436\">\u25ba <a style=\"color: #808080;\" href=\"http:\/\/www.editionshenry.com\/index.php?id_article=358\" target=\"_blank\" rel=\"noopener noreferrer\">Ecrit(s) du Nord<\/a><\/span><\/span><br \/><span style=\"font-family: verdana, geneva, sans-serif; font-size: 12pt; color: #808080;\"> \u25ba <a style=\"color: #808080;\" href=\"http:\/\/revueverso.blogspot.fr\/\" target=\"_blank\" rel=\"noopener noreferrer\">La revue Verso<\/a><\/span><br \/><span style=\"font-family: verdana, geneva, sans-serif; font-size: 12pt; color: #808080;\"> \u25ba <a style=\"color: #808080;\" href=\"http:\/\/www.incertainregard.fr\/\" target=\"_blank\" rel=\"noopener noreferrer\">Incertain regard\u00a0 N\u00b08<\/a><\/span><br \/><span style=\"font-family: verdana, geneva, sans-serif; font-size: 12pt; color: #808080;\"> \u25ba <a style=\"color: #808080;\" href=\"http:\/\/www.flammesvives.com\/Boutique\/Produit\/Variations_sur_le_Theme_de_l_amitie\/125\/\" target=\"_blank\" rel=\"noopener noreferrer\">Flammes Vives<\/a><\/span><br \/><span style=\"font-family: verdana, geneva, sans-serif; font-size: 12pt; color: #808080;\"> <span class=\"yui3-widget yui3-inputwidget yui3-htmleditorwidget\"><span class=\"yui3-htmleditorwidget-content\">\u25ba <\/span><\/span><a style=\"color: #808080;\" href=\"http:\/\/www.falbalapat.com\/\" target=\"_blank\" rel=\"noopener noreferrer\">Variations d&rsquo;une plume<\/a><\/span><br \/><span style=\"font-family: verdana, geneva, sans-serif; font-size: 12pt; color: #808080;\"> <span class=\"yui3-widget yui3-inputwidget yui3-htmleditorwidget\"><span class=\"yui3-htmleditorwidget-content\">\u25ba <\/span><\/span><a style=\"color: #808080;\" href=\"http:\/\/comme.en.poesie.over-blog.com\/\" target=\"_blank\" rel=\"noopener noreferrer\">Comme en po\u00e9sie<\/a><\/span><br \/><span style=\"font-family: verdana, geneva, sans-serif; font-size: 12pt; color: #808080;\"> <span class=\"yui3-widget yui3-inputwidget yui3-htmleditorwidget\"><span class=\"yui3-htmleditorwidget-content\">\u25ba\u00a0<\/span><\/span><a style=\"color: #808080;\" href=\"http:\/\/www.joelle-petillot-la-nuit-en-couleurs.com\/\" target=\"_blank\" rel=\"noopener noreferrer\">La nuit en couleurs<\/a><\/span><br \/><span style=\"font-family: verdana, geneva, sans-serif; font-size: 12pt; color: #808080;\"> <span class=\"yui3-widget yui3-inputwidget yui3-htmleditorwidget\"><span class=\"yui3-htmleditorwidget-content\">\u25ba <\/span><\/span><a style=\"color: #808080;\" href=\"http:\/\/mariedhollande2.wix.com\/cachou\"><span class=\"yui3-widget yui3-inputwidget yui3-htmleditorwidget\"><span class=\"yui3-htmleditorwidget-content\">Cachou<\/span><\/span><\/a><\/span><br \/><span style=\"font-family: verdana, geneva, sans-serif; font-size: 12pt; color: #808080;\"> <span class=\"yui3-widget yui3-inputwidget yui3-htmleditorwidget\"><span class=\"yui3-htmleditorwidget-content\">\u25ba <\/span><\/span><a style=\"color: #808080;\" href=\"http:\/\/marie-cecile-objectivement-nature.over-blog.com\/\" target=\"_blank\" rel=\"noopener noreferrer\">Marie-C\u00e9cile objectivement nature<\/a><\/span><br \/><span style=\"font-family: verdana, geneva, sans-serif; font-size: 12pt; color: #808080;\"> <span class=\"yui3-widget yui3-inputwidget yui3-htmleditorwidget\"><span class=\"yui3-htmleditorwidget-content\">\u25ba <a style=\"color: #808080;\" href=\"http:\/\/helene-py-pyrene-peinture-ecriture.over-blog.com\/\" target=\"_blank\" rel=\"noopener noreferrer\">Joif ou Soif de joie<\/a><br \/>\u25ba <\/span><\/span><a style=\"color: #808080;\" href=\"http:\/\/evedelaudec.fr\/\" target=\"_blank\" rel=\"noopener noreferrer\">L&#8217;emplume et l&rsquo;\u00e9cri\u00e9<\/a><\/span><br \/><span style=\"font-family: verdana, geneva, sans-serif; font-size: 12pt; color: #808080;\"> <span class=\"yui3-widget yui3-inputwidget yui3-htmleditorwidget\"><span class=\"yui3-htmleditorwidget-content\">\u25ba <\/span><\/span><a style=\"color: #808080;\" href=\"http:\/\/courtmetrique.eklablog.com\/\" target=\"_blank\" rel=\"noopener noreferrer\">Courtm\u00e9trique<\/a><\/span><br \/><span style=\"font-family: verdana, geneva, sans-serif; font-size: 12pt; color: #808080;\"> <span class=\"yui3-widget yui3-inputwidget yui3-htmleditorwidget\"><span class=\"yui3-htmleditorwidget-content\">\u25ba<a style=\"color: #808080;\" href=\"http:\/\/gudule.over-blog.com\/\">\u00a0<\/a><\/span><\/span><a style=\"color: #808080;\" href=\"http:\/\/gudule.eklablog.com\/accueil-c25544712\" target=\"_blank\" rel=\"noopener noreferrer\">Gudule<\/a><\/span><br \/><span style=\"font-family: verdana, geneva, sans-serif; font-size: 12pt; color: #808080;\"> <span class=\"yui3-widget yui3-inputwidget yui3-htmleditorwidget\"><span class=\"yui3-htmleditorwidget-content\">\u25ba <\/span><\/span><a style=\"color: #808080;\" href=\"http:\/\/www.ericdubois.net\/\" target=\"_blank\" rel=\"noopener noreferrer\"><span class=\"yui3-widget yui3-inputwidget yui3-htmleditorwidget\"><span class=\"yui3-htmleditorwidget-content\">Les tribulations d&rsquo;Eric Dubois<\/span><\/span><\/a><\/span><br \/><span style=\"font-family: verdana, geneva, sans-serif; font-size: 12pt; color: #808080;\"> <span class=\"yui3-widget yui3-inputwidget yui3-htmleditorwidget\"><span class=\"yui3-htmleditorwidget-content\">\u25ba <\/span><\/span><a style=\"color: #808080;\" href=\"http:\/\/www.carminexperiencia.com\/\" target=\"_blank\" rel=\"noopener noreferrer\">Carmin Experiencia<\/a><\/span><br \/><span style=\"font-family: verdana, geneva, sans-serif; font-size: 12pt; color: #808080;\"> <span class=\"yui3-widget yui3-inputwidget yui3-htmleditorwidget\"><span class=\"yui3-htmleditorwidget-content\">\u25ba <\/span><\/span><a style=\"color: #808080;\" href=\"http:\/\/www.voltenesue.com\/\" target=\"_blank\" rel=\"noopener noreferrer\">Voltene Sue<\/a><\/span><br \/><span style=\"font-family: verdana, geneva, sans-serif; font-size: 12pt; color: #808080;\"> <span class=\"yui3-widget yui3-inputwidget yui3-htmleditorwidget\"><span class=\"yui3-htmleditorwidget-content\">\u25ba <\/span><\/span><a style=\"color: #808080;\" href=\"http:\/\/www.michelborla.net\/\" target=\"_blank\" rel=\"noopener noreferrer\">TrioXpresso<\/a>\u00a0<\/span><br \/><span style=\"font-family: verdana, geneva, sans-serif; font-size: 12pt; color: #808080;\"> <span class=\"yui3-widget yui3-inputwidget yui3-htmleditorwidget\"><span class=\"yui3-htmleditorwidget-content\">\u25ba <\/span><\/span><a style=\"color: #808080;\" href=\"http:\/\/annalogon.eklablog.com\/\">L&rsquo;encrier d&rsquo;Anna Logon<\/a><a style=\"color: #808080;\" href=\"http:\/\/annalogon.eklablog.com\/\"><br \/><\/a><span class=\"yui3-widget yui3-inputwidget yui3-htmleditorwidget\"><span class=\"yui3-htmleditorwidget-content\">\u25ba <a style=\"color: #808080;\" href=\"http:\/\/chezelly.blogspot.fr\/\">Chez Elly<\/a><br \/>\u25ba <a style=\"color: #808080;\" href=\"http:\/\/revue17secondes.blogspot.fr\/\" target=\"_blank\" rel=\"noopener noreferrer\">Revue 17 secondes<\/a><br \/><\/span><\/span><span class=\"yui3-widget yui3-inputwidget yui3-htmleditorwidget\"><span class=\"yui3-htmleditorwidget-content\">\u25ba <\/span><\/span><big><a style=\"color: #808080;\" href=\"https:\/\/sites.google.com\/site\/revuepaysagesecrits\/\" target=\"_blank\" rel=\"noopener noreferrer\">Paysages \u00e9crits<\/a><\/big><\/span><br \/><span style=\"font-family: verdana, geneva, sans-serif; font-size: 12pt; color: #808080;\"> <span class=\"yui3-widget yui3-inputwidget yui3-htmleditorwidget\"><span class=\"yui3-htmleditorwidget-content\">\u25ba <a style=\"color: #808080;\" href=\"http:\/\/www.cequireste.fr\/\" target=\"_blank\" rel=\"noopener noreferrer\">Ce Qui Reste<\/a><br \/><\/span><\/span><span class=\"yui3-widget yui3-inputwidget yui3-htmleditorwidget\"><span class=\"yui3-htmleditorwidget-content\">\u25ba <a style=\"color: #808080;\" href=\"http:\/\/agnesdelrieu.wix.com\/loeiletlencre\" target=\"_blank\" rel=\"noopener noreferrer\">L&rsquo;oeil &amp; l&rsquo;encre<\/a><a style=\"color: #808080;\" href=\"http:\/\/agnesdelrieu.wix.com\/loeiletlencre\" target=\"_blank\" rel=\"noopener noreferrer\">\u00a0<\/a><br \/><\/span><\/span><span class=\"yui3-widget yui3-inputwidget yui3-htmleditorwidget\"><span class=\"yui3-htmleditorwidget-content\">\u25ba <\/span><\/span><a style=\"color: #808080;\" href=\"http:\/\/poesiedanger.blogspot.fr\/\" target=\"_blank\" rel=\"noopener noreferrer\"><big>Danger Po\u00e9sie<\/big><\/a><\/span><br \/><span class=\"yui3-widget yui3-inputwidget yui3-htmleditorwidget\" style=\"font-family: verdana, geneva, sans-serif; font-size: 12pt; color: #808080;\"> <span class=\"yui3-htmleditorwidget-content\">\u25ba<small> <a style=\"color: #808080;\" href=\"http:\/\/theblogofgab.blogspot.fr\/\">Gabrielle BUREL Blog<\/a><\/small><\/span><\/span><br \/><span style=\"font-family: verdana, geneva, sans-serif; font-size: 12pt; color: #808080;\"> <span class=\"yui3-widget yui3-inputwidget yui3-htmleditorwidget\"><span class=\"yui3-htmleditorwidget-content\">\u25ba <a style=\"color: #808080;\" href=\"http:\/\/www.latoiledelun.fr\/\"><small>La Toile de l&rsquo;Un<\/small><\/a><br \/>\u25ba <span style=\"color: #808080;\"><a style=\"color: #808080;\" href=\"http:\/\/concentrepoetique.blogspot.com\/\" target=\"_blank\" rel=\"noopener noreferrer\">Concentr\u00e9 po\u00e9tique<\/a><\/span><br \/><\/span><\/span><span class=\"yui3-widget yui3-inputwidget yui3-htmleditorwidget\"><span class=\"yui3-htmleditorwidget-content\">\u25ba <a style=\"color: #808080;\" href=\"https:\/\/www.brunofortuner.fr\/\" target=\"_blank\" rel=\"noopener noreferrer\">Bruno FortuneR<\/a><br \/><\/span><\/span><span class=\"yui3-widget yui3-inputwidget yui3-htmleditorwidget\"><span class=\"yui3-htmleditorwidget-content\">\u25ba <\/span><\/span><a style=\"color: #808080;\" href=\"http:\/\/clohamelin.wix.com\/photos-clo-hamelin?reload=true\" target=\"_blank\" rel=\"noopener noreferrer\">Clo Hamelin<\/a><\/span><br \/><span class=\"yui3-widget yui3-inputwidget yui3-htmleditorwidget\" style=\"font-family: verdana, geneva, sans-serif; font-size: 12pt; color: #808080;\"> <span class=\"yui3-htmleditorwidget-content\">\u25ba <a style=\"color: #808080;\" href=\"https:\/\/www.pinterest.com\/jlcharpentier\/\" target=\"_blank\" rel=\"noopener noreferrer\">Jean-Louis CHARPENTIER<\/a><\/span><\/span><br \/><span style=\"font-family: verdana, geneva, sans-serif; font-size: 12pt; color: #808080;\"> <span class=\"yui3-widget yui3-inputwidget yui3-htmleditorwidget\"><span class=\"yui3-htmleditorwidget-content\">\u25ba <\/span><\/span><big><a style=\"color: #808080;\" href=\"http:\/\/racheleriviere.com\/\" target=\"_blank\" rel=\"noopener noreferrer\">Rach\u00e8le Rivi\u00e8re<\/a><\/big><\/span><br \/><span style=\"font-family: verdana, geneva, sans-serif; font-size: 12pt; color: #808080;\"> <span class=\"yui3-widget yui3-inputwidget yui3-htmleditorwidget\"><span class=\"yui3-htmleditorwidget-content\">\u25ba <\/span><\/span><big><a style=\"color: #808080;\" href=\"http:\/\/alexandrakalyani.blogspot.fr\/\">Alexandra Kalyani<\/a><\/big><span class=\"yui3-widget yui3-inputwidget yui3-htmleditorwidget\"><span class=\"yui3-htmleditorwidget-content\"><br \/>\u25ba <a style=\"color: #808080;\" href=\"https:\/\/sites.google.com\/site\/revuepaysagesecrits\/\" target=\"_blank\" rel=\"noopener noreferrer\">Paysages \u00e9crits <\/a><br \/><\/span><\/span><span class=\"yui3-widget yui3-inputwidget yui3-htmleditorwidget\"><span class=\"yui3-htmleditorwidget-content\">\u25ba <a style=\"color: #808080;\" href=\"http:\/\/www.pierrewarrant.be\/\" target=\"_blank\" rel=\"noopener noreferrer\">Pierre Warrant<\/a><br \/><\/span><\/span><span class=\"yui3-widget yui3-inputwidget yui3-htmleditorwidget\"><span class=\"yui3-htmleditorwidget-content\">\u25ba <\/span><\/span><big><a style=\"color: #808080;\" href=\"http:\/\/yatra1957.blogspot.fr\/\" target=\"_blank\" rel=\"noopener noreferrer\">Yatra<\/a><br \/><\/big><span class=\"yui3-widget yui3-inputwidget yui3-htmleditorwidget\"><span class=\"yui3-htmleditorwidget-content\">\u25ba Au jardin d&rsquo;une plume<a style=\"color: #808080;\" href=\"http:\/\/aujardindelaplume.blog4ever.com\/\"><br \/>\u25ba <\/a><a style=\"color: #808080;\" href=\"http:\/\/www.sabinevenaruzzo.com\/#!parcours\/c161y\">Sabine Venaruzzo<\/a><\/span><\/span><\/span><br \/><span style=\"font-family: verdana, geneva, sans-serif; font-size: 12pt; color: #808080;\"><span class=\"yui3-widget yui3-inputwidget yui3-htmleditorwidget\"><span class=\"yui3-htmleditorwidget-content\">\u25ba <span style=\"color: #808080;\"><a style=\"color: #808080;\" href=\"http:\/\/lichen-poesie.blogspot.fr\/\">Lichen<\/a><br \/>\u25ba <\/span><\/span><\/span><span class=\"yui3-widget yui3-inputwidget yui3-htmleditorwidget\"><span class=\"yui3-htmleditorwidget-content\"><a style=\"color: #808080;\" href=\"http:\/\/maisondelapoesiedeladrome.fr\/\">Maison de la po\u00e9sie de la Dr\u00f4me<br \/><\/a><\/span><\/span><\/span><span style=\"font-family: verdana, geneva, sans-serif; font-size: 12pt; color: #808080;\"><span class=\"yui3-widget yui3-inputwidget yui3-htmleditorwidget\"><span class=\"yui3-htmleditorwidget-content\"><span style=\"color: #808080;\">\u25ba <\/span><\/span><\/span><span class=\"yui3-widget yui3-inputwidget yui3-htmleditorwidget\"><span class=\"yui3-htmleditorwidget-content\"><a style=\"color: #808080;\" href=\"http:\/\/lieubleu.canalblog.com\/\" target=\"_blank\" rel=\"noopener noreferrer\">Espace po\u00e9tique<\/a><\/span><\/span><span class=\"yui3-widget yui3-inputwidget yui3-htmleditorwidget\"><span class=\"yui3-htmleditorwidget-content\"><span style=\"color: #808080;\"><br \/>\u25ba <a style=\"color: #808080;\" href=\"http:\/\/www.atelierduhanneton.fr\/\" target=\"_blank\" rel=\"noopener noreferrer\">L&rsquo;atelier du Hanneton<\/a><br \/>\u25ba <a style=\"color: #808080;\" href=\"http:\/\/gery-lamarre.eklablog.com\/\" target=\"_blank\" rel=\"noopener noreferrer\">Kiz 28 G\u00e9ry Lamarre<\/a><br \/>\u25ba <\/span><\/span><\/span><\/span><span style=\"font-family: verdana, geneva, sans-serif; font-size: 12pt; color: #999999;\"><span class=\"yui3-widget yui3-inputwidget yui3-htmleditorwidget\"><span class=\"yui3-htmleditorwidget-content\"><a style=\"color: #999999;\" href=\"http:\/\/leoncobra.canalblog.com\/\" target=\"_blank\" rel=\"noopener noreferrer\">Le Tr\u00e9pon\u00e8me Bleu P\u00e2le<\/a><\/span><\/span><\/span><span style=\"font-family: verdana, geneva, sans-serif; font-size: 12pt; color: #808080;\"><span class=\"yui3-widget yui3-inputwidget yui3-htmleditorwidget\"><span class=\"yui3-htmleditorwidget-content\"><span style=\"color: #808080;\"><br \/>\u25ba <span style=\"color: #999999;\"><a style=\"color: #999999;\" href=\"http:\/\/davidbijoupoesie.fr\/\" target=\"_blank\" rel=\"noopener noreferrer\">David Bijou<\/a><\/span><br \/>\u25ba <a style=\"color: #808080;\" href=\"http:\/\/concentrepoetique.blogspot.fr\/\" target=\"_blank\" rel=\"noopener noreferrer\">Concentr\u00e9 po\u00e9tique<br \/><\/a><\/span><\/span><\/span><\/span><span style=\"font-family: verdana, geneva, sans-serif; font-size: 12pt; color: #808080;\"><span class=\"yui3-widget yui3-inputwidget yui3-htmleditorwidget\"><span class=\"yui3-htmleditorwidget-content\"><span style=\"color: #808080;\">\u25ba<\/span><\/span><\/span><\/span><span style=\"color: #808080;\"> <span style=\"font-family: verdana, geneva, sans-serif; font-size: 12pt;\"><span class=\"yui3-widget yui3-inputwidget yui3-htmleditorwidget\"><span class=\"yui3-htmleditorwidget-content\"><a style=\"color: #808080;\" href=\"https:\/\/www.lespricerie.fr\/\" target=\"_blank\" rel=\"noopener noreferrer\">L&rsquo;Espricerie<\/a><\/span><\/span><\/span><\/span><br \/><span style=\"font-family: verdana, geneva, sans-serif; font-size: 12pt; color: #808080;\"><span class=\"yui3-widget yui3-inputwidget yui3-htmleditorwidget\"><span class=\"yui3-htmleditorwidget-content\"><span style=\"color: #808080;\">\u25ba<\/span><\/span><\/span><\/span> <span style=\"color: #808080;\"><a style=\"color: #808080;\" href=\"http:\/\/ericcostan.over-blog.com\/\" target=\"_blank\" rel=\"noopener noreferrer\"><span style=\"font-family: verdana, geneva, sans-serif; font-size: 12pt;\">Salle des mots perdus<br \/><span style=\"font-family: verdana, geneva, sans-serif; font-size: 12pt; color: #808080;\"><span class=\"yui3-widget yui3-inputwidget yui3-htmleditorwidget\"><span class=\"yui3-htmleditorwidget-content\">\u25ba<\/span><\/span><\/span> <\/span><\/a><a style=\"color: #808080;\" href=\"http:\/\/www.editions-tipaza.com\/home\/\" target=\"_blank\" rel=\"noopener noreferrer\"><span style=\"font-family: verdana, geneva, sans-serif; font-size: 12pt;\">Editions Tipaza<\/span><\/a><a style=\"color: #808080;\" href=\"http:\/\/ericcostan.over-blog.com\/\" target=\"_blank\" rel=\"noopener noreferrer\"><span style=\"font-family: verdana, geneva, sans-serif; font-size: 12pt;\"><br \/><\/span><\/a><\/span><span style=\"font-family: verdana, geneva, sans-serif; font-size: 12pt; color: #808080;\"><span class=\"yui3-widget yui3-inputwidget yui3-htmleditorwidget\"><span class=\"yui3-htmleditorwidget-content\"><span style=\"color: #808080;\">\u25ba<\/span><\/span><\/span><\/span> <span style=\"color: #808080;\"><a style=\"color: #808080;\" href=\"http:\/\/ardentpays12.over-blog.com\/\" target=\"_blank\" rel=\"noopener noreferrer\"><span style=\"font-family: verdana, geneva, sans-serif; font-size: 12pt;\">L&rsquo;Ardent pays<\/span><\/a><\/span><br \/><span style=\"font-family: verdana, geneva, sans-serif; font-size: 12pt; color: #808080;\"><span class=\"yui3-widget yui3-inputwidget yui3-htmleditorwidget\"><span class=\"yui3-htmleditorwidget-content\"><span style=\"color: #808080;\">\u25ba<\/span><\/span><\/span><\/span> <span style=\"color: #999999;\"><a style=\"color: #999999;\" href=\"http:\/\/lucrouault.eu\/\" target=\"_blank\" rel=\"noopener noreferrer\"><span style=\"font-family: verdana, geneva, sans-serif; font-size: 12pt;\">Luc Rouault c\u00e9ramique sculpture<\/span><\/a><\/span><br \/><span style=\"font-family: verdana, geneva, sans-serif; font-size: 12pt; color: #808080;\"><span class=\"yui3-widget yui3-inputwidget yui3-htmleditorwidget\"><span class=\"yui3-htmleditorwidget-content\"><span style=\"color: #808080;\">\u25baCl\u00e9ment G. Second<\/span><\/span><\/span><\/span><span style=\"color: #808080;\"><a style=\"color: #808080;\" href=\"https:\/\/carnetsdeflottaison.blogspot.com\" target=\"_blank\" rel=\"noopener noreferrer\"> <span style=\"font-size: 12pt; font-family: verdana, geneva, sans-serif;\">Carnets de flottaison<\/span><\/a><\/span><br \/><span style=\"font-family: verdana, geneva, sans-serif; font-size: 12pt; color: #808080;\"><span class=\"yui3-widget yui3-inputwidget yui3-htmleditorwidget\"><span class=\"yui3-htmleditorwidget-content\"><span style=\"color: #808080;\">\u25ba<\/span><\/span><\/span><a style=\"color: #808080;\" href=\"http:\/\/patatartiner.wixsite.com\/patatartiner\" target=\"_blank\" rel=\"noopener noreferrer\">Les p&rsquo;tits croquis de Pata<br \/><\/a><\/span><span style=\"font-family: verdana, geneva, sans-serif; font-size: 12pt; color: #808080;\"><span class=\"yui3-widget yui3-inputwidget yui3-htmleditorwidget\"><span class=\"yui3-htmleditorwidget-content\"><span style=\"color: #808080;\">\u25ba<\/span><\/span><\/span><\/span><span style=\"color: #999999;\"><a style=\"color: #999999;\" href=\"http:\/\/www.martinakramer.net\/index.html\" target=\"_blank\" rel=\"noopener noreferrer\"><span style=\"font-family: verdana, geneva, sans-serif; font-size: 12pt;\">Martina Kramer<\/span><\/a><br \/><span class=\"yui3-widget yui3-inputwidget yui3-htmleditorwidget\"><span class=\"yui3-htmleditorwidget-content\">\u25ba <\/span><\/span><\/span><span class=\"yui3-widget yui3-inputwidget yui3-htmleditorwidget\" style=\"color: #999999;\"><span class=\"yui3-htmleditorwidget-content\"><a style=\"color: #999999;\" href=\"http:\/\/gr34ensolitaire.blogspot.com\/\" target=\"_blank\" rel=\"noopener noreferrer\"><span style=\"font-family: verdana, geneva, sans-serif; font-size: 12pt;\">Chez Sergent Poivre<\/span><\/a><\/span><\/span><br \/><span class=\"yui3-widget yui3-inputwidget yui3-htmleditorwidget\"><span class=\"yui3-htmleditorwidget-content\">\u25ba<\/span><\/span> <a href=\"https:\/\/www.evelynefellerbrun.com\/\" target=\"_blank\" rel=\"noopener noreferrer\"><span style=\"font-family: verdana, geneva, sans-serif; font-size: 12pt;\">Evelyne Feller Brun<\/span><\/a><\/p>\n<p>&nbsp;<\/p>\n<p>&nbsp;<\/p>\n<p>&nbsp;<\/p>\n<p>[\/et_pb_text][\/et_pb_column][\/et_pb_row][\/et_pb_section]<\/p>\n","protected":false},"excerpt":{"rendered":"<p>L\u00e0 o\u00f9 je suisou bien ceux que je suis tout simplement.Liste non-exhaustive \u25ba La cause Litt\u00e9raire \u25ba LE CAPITAL DES MOTS \u25ba Le Journal des Po\u00e8tes \u25ba\u00a0Nouveaux D\u00e9lits \u25ba Ecrit(s) du Nord \u25ba La revue Verso \u25ba Incertain regard\u00a0 N\u00b08 \u25ba Flammes Vives \u25ba Variations d&rsquo;une plume \u25ba Comme en po\u00e9sie \u25ba\u00a0La nuit en couleurs [&hellip;]<\/p>\n","protected":false},"author":1,"featured_media":0,"parent":0,"menu_order":0,"comment_status":"closed","ping_status":"closed","template":"","meta":{"_et_pb_use_builder":"on","_et_pb_old_content":"","_et_gb_content_width":"","om_disable_all_campaigns":false,"_exactmetrics_skip_tracking":false,"_exactmetrics_sitenote_active":false,"_exactmetrics_sitenote_note":"","_exactmetrics_sitenote_category":0,"_monsterinsights_skip_tracking":false,"_monsterinsights_sitenote_active":false,"_monsterinsights_sitenote_note":"","_monsterinsights_sitenote_category":0,"footnotes":""},"class_list":["post-1667","page","type-page","status-publish","hentry"],"aioseo_notices":[],"_links":{"self":[{"href":"https:\/\/voletsouvers.ovh\/index.php\/wp-json\/wp\/v2\/pages\/1667","targetHints":{"allow":["GET"]}}],"collection":[{"href":"https:\/\/voletsouvers.ovh\/index.php\/wp-json\/wp\/v2\/pages"}],"about":[{"href":"https:\/\/voletsouvers.ovh\/index.php\/wp-json\/wp\/v2\/types\/page"}],"author":[{"embeddable":true,"href":"https:\/\/voletsouvers.ovh\/index.php\/wp-json\/wp\/v2\/users\/1"}],"replies":[{"embeddable":true,"href":"https:\/\/voletsouvers.ovh\/index.php\/wp-json\/wp\/v2\/comments?post=1667"}],"version-history":[{"count":31,"href":"https:\/\/voletsouvers.ovh\/index.php\/wp-json\/wp\/v2\/pages\/1667\/revisions"}],"predecessor-version":[{"id":4526,"href":"https:\/\/voletsouvers.ovh\/index.php\/wp-json\/wp\/v2\/pages\/1667\/revisions\/4526"}],"wp:attachment":[{"href":"https:\/\/voletsouvers.ovh\/index.php\/wp-json\/wp\/v2\/media?parent=1667"}],"curies":[{"name":"wp","href":"https:\/\/api.w.org\/{rel}","templated":true}]}}